{"id":51750,"date":"2021-03-13T18:45:09","date_gmt":"2021-03-13T18:45:09","guid":{"rendered":"https:\/\/vedicpandits.org\/maharishi-veda-app\/"},"modified":"2025-09-26T18:29:01","modified_gmt":"2025-09-26T18:29:01","slug":"maharishi-veda-app","status":"publish","type":"page","link":"https:\/\/vedicpandits.org\/tr\/maharishi-veda-app\/","title":{"rendered":"Maharishi Veda App"},"content":{"rendered":"<h4 style=\"text-align:center;\">Maharishi Veda Uygulamas\u0131n\u0131 Deneyimleyin \u2013 Rehberli Genel Bak\u0131\u015f<\/h4>\n<p><strong>Buraya<\/strong> <a href=\"https:\/\/maharishi-ecards.com\/ExperienceTheMaharishiVedaApp\/\" target=\"_blank\"><strong><u>t\u0131klay\u0131n<\/u><\/strong><\/a> <strong>veya a\u015fa\u011f\u0131daki kapa\u011fa <\/strong>g\u00fczel tasarlanm\u0131\u015f e-kitab\u0131 ke\u015ffetmek i\u00e7in \u2013 yeni geni\u015fletilmi\u015f Maharishi Veda Uygulamas\u0131na zengin bir giri\u015f. Anlat\u0131m, k\u0131sa ses kay\u0131tlar\u0131 ve canl\u0131 bir foto\u011fraf ve ill\u00fcstrasyon koleksiyonu ile bu rehber, Uygulaman\u0131n derin i\u00e7eriklerine dair a\u00e7\u0131k ve ilham verici bir bak\u0131\u015f sunuyor.<br \/>\n&nbsp;<\/p>\n<p><a href=\"https:\/\/maharishi-ecards.com\/ExperienceTheMaharishiVedaApp\/\" rel=\"noopener\" target=\"_blank\"><\/p>\n<div class=\"align center\" style=\"text-align: center; margin-top: -20px; margin-left: 10px; margin-bottom: 0px;\"> <img decoding=\"async\" src=\"https:\/\/vedicpandits.org\/wp-content\/uploads\/2025\/09\/VEDAAPP_COVER-650x644-1.png\" \"height: auto ;width: auto ; max-width: 100% ;\"\/> <\/div>\n<p><\/a><br \/>\n&nbsp;<\/p>\n<h4 style=\"text-align:center;\"> MAHARISHI VEDA APP <\/h4>\n<ul>\n<li>Y\u00fcksek derecede yetkin Maharishi Veda Panditleri taraf\u0131ndan kaydedilmi\u015f son derece hay\u0131rl\u0131 ilahilerin muazzam bir hazinesi<\/li>\n<li>Hindistan\u2019\u0131n en tan\u0131nm\u0131\u015f Gandharva ustalar\u0131ndan baz\u0131lar\u0131 taraf\u0131ndan kaydedilmi\u015f geni\u015f bir klasik Hint m\u00fczi\u011fi (Gandharva Veda) koleksiyonu<\/li>\n<li>Upani\u015fadlar, Bhagavad Gita ve Ramayana d\u00e2hil olmak \u00fczere Vedik literat\u00fcrden \u0130ngilizce okumalar.<\/li>\n<\/ul>\n<div class=\"box-quote\">\n<h4 > Maharishi Veda App (uygulama)<\/h4>\n<p>Bu APP (uygulama) \u00e7ok yetenekli Maharishi Veda Panditlerinin kayda ge\u00e7irdi\u011fi son derece yararl\u0131 ve u\u011furlu par\u00e7alar\u0131 i\u00e7eren b\u00fcy\u00fck bir k\u00fct\u00fcphane i\u00e7ermektedir. Bu APP ayr\u0131ca en tan\u0131nm\u0131\u015f Gandharva m\u00fczisyenlerinin \u00e7ald\u0131\u011f\u0131 6 enstr\u00fcmanla kayda al\u0131nm\u0131\u015f  Klasik Hint m\u00fczi\u011finden (Gandharva Veda)  olu\u015fan b\u00fcy\u00fck bir k\u00fct\u00fcphane de i\u00e7ermektedir.<br \/>\n&nbsp;<\/p>\n<div class=\"grid-holder\">\n<div class=\"grid grid-desktop-50 grid-mobile-100\"><div class=\"holder\"><div style=\"padding:10px; background-color:white;\">\n<div style=\"border-size:5px;border-style:solid;border-color:#e4bb4b;\">\n<div style=\"text-align: center; padding-top:10px; padding-right:5px; padding-bottom:0; padding-left:5px;\">\n<a href=\"https:\/\/vedicpandits.recurly.com\/purchase\/gift_card\/mva-gift\" rel=\"noopener\" target=\"_blank\"><\/p>\n<h4>HED\u0130YE OLARAK VERMEK<\/h4>\n<p><\/a><\/p>\n<\/div>\n<\/div>\n<\/div>\n<\/div><\/div>\n<div class=\"grid grid-desktop-50 grid-mobile-100\"><div class=\"holder\"><div style=\"padding:10px; background-color:white;\">\n<div style=\"border-size:5px;border-style:solid;border-color:#e4bb4b;\">\n<div style=\"text-align: center; padding-top:10px; padding-right:5px; padding-bottom:0; padding-left:5px;\">\n<a href=\"https:\/\/www.maharishivedaapp.com\" rel=\"noopener\" target=\"_blank\"><\/p>\n<h4>ABONE OL<\/h4>\n<p><\/a><\/p>\n<\/div>\n<\/div>\n<\/div>\n<\/div><\/div>\n<\/div>\n<p>&nbsp;<\/p>\n<p>Maharishi VEDA  APP ilk ay \u00fccretsiz olup ondan sonraki aylarda 3,99 $ ayl\u0131k \u00fccreti vard\u0131r. Maharishi VEDA APP iphone ve Android telefonlarda dinlenebilmekte iken \u015fimdi Bilgisayarda da izlenebilmektedir.<\/p>\n<p>&nbsp;<\/p>\n<p style=\"text-align:center;\"><a href=\"https:\/\/desktop.maharishivedaapp.com\/\"><img decoding=\"async\" loading=\"lazy\" src=\"https:\/\/vedicpandits.org\/wp-content\/uploads\/2021\/03\/button_computer.png\" width=\"169\" height=\"49\" style=\"margin:0 10px 15px !important;\"><\/a> <a href=\"https:\/\/apps.apple.com\/us\/app\/maharishi-veda\/id977489377\"><img decoding=\"async\" loading=\"lazy\" src=\"https:\/\/vedicpandits.org\/wp-content\/uploads\/2021\/03\/button_mac_store.png\" alt=\"\" width=\"169\" height=\"49\" style=\"margin:0 10px 15px !important;\"><\/a> <a href=\"https:\/\/play.google.com\/store\/apps\/details?id=com.entertainment.maharishiveda&amp;hl=en_US\"><img decoding=\"async\" loading=\"lazy\" src=\"https:\/\/vedicpandits.org\/wp-content\/uploads\/2021\/03\/button_google_play.png\" alt=\"\" width=\"169\" height=\"49\" style=\"margin:0 10px 15px !important;\"><\/a><\/p>\n<p>&nbsp;<\/p>\n<p>T\u00fcm geliri d\u00fcnya bar\u0131\u015f\u0131n\u0131 yaratan Maharishi Veda Panditlerine verilmektedir<br \/>\n<div class=\"border-line\">&nbsp;<\/div>\n<h4 id=\"Flavours\">~ 30 SAN\u0130YE KL\u0130P ~<\/h4>\n<p>&nbsp;<\/p>\n<h4 style=\"margin-bottom: -25px;\">Vedic Recitations<\/h4>\n<div class=\"grid-holder\">\n<div class=\"pagecol3\" >\n<strong>Brahmana Suktas <\/strong><br \/>\n\t<a href=\"https:\/\/vedicpandits.org\/tr\/maharishi-veda-app\/?image_video=https%3A%2F%2Fplayer.vimeo.com%2Fvideo%2F772253937%3Fh%3D32b34efc8e\" class=\"video-link \"><img decoding=\"async\" class=\"alignnone size-full wp-image-285\" src=\"https:\/\/vedicpandits.org\/wp-content\/uploads\/2022\/11\/brahmanas_recitation.png\" width=\"200\" \/><\/a>\n\n\t<\/div>\n<div class=\"pagecol3\" >\n<strong>Sama Veda Medha Sukta <\/strong><br \/>\n\t<a href=\"https:\/\/vedicpandits.org\/tr\/maharishi-veda-app\/?image_video=https%3A%2F%2Fplayer.vimeo.com%2Fvideo%2F772269388%3Fh%3Dc36201da68\" class=\"video-link \"><img decoding=\"async\" class=\"alignnone size-full wp-image-285\" src=\"https:\/\/vedicpandits.org\/wp-content\/uploads\/2022\/11\/sama_ved_flavour_image2.png\" width=\"200\" \/><\/a>\n\n\t<\/div>\n<div class=\"pagecol3\" >\n<strong>Rik Veda 5th Mandala <\/strong><br \/>\n\t<a href=\"https:\/\/vedicpandits.org\/tr\/maharishi-veda-app\/?image_video=https%3A%2F%2Fplayer.vimeo.com%2Fvideo%2F772890625%3Fh%3Df5dff81366\" class=\"video-link \"><img decoding=\"async\" class=\"alignnone size-full wp-image-285\" src=\"https:\/\/vedicpandits.org\/wp-content\/uploads\/2022\/11\/rik_veda_flavour.png\" width=\"200\" \/><\/a>\n\n\t<\/div>\n<\/div>\n&nbsp;<br \/>\n<!--row 2--><\/p>\n<h4 style=\"margin-bottom: -25px;\">Bhagavad Gita<\/h4>\n<div class=\"grid-holder\">\n<div class=\"pagecol3\" >\n<strong>Bhagavad Gita Commentary<\/strong><br \/>\n\t<a href=\"https:\/\/vedicpandits.org\/tr\/maharishi-veda-app\/?image_video=https%3A%2F%2Fplayer.vimeo.com%2Fvideo%2F772256991%3Fh%3D1c3f81fa70\" class=\"video-link \"><img decoding=\"async\" class=\"alignnone size-full wp-image-285\" src=\"https:\/\/vedicpandits.org\/wp-content\/uploads\/2022\/11\/vernon_maharishi3_710x702.png\" width=\"200\" \/><\/a>\n\n\t<\/div>\n<div class=\"pagecol3\" >\n<strong>Bhagavad Gita Chapter 1 &#8211; Recitation<\/strong><br \/>\n\t<a href=\"https:\/\/vedicpandits.org\/tr\/maharishi-veda-app\/?image_video=https%3A%2F%2Fplayer.vimeo.com%2Fvideo%2F772263750%3Fh%3D5edc98042f\" class=\"video-link \"><img decoding=\"async\" class=\"alignnone size-full wp-image-285\" src=\"https:\/\/vedicpandits.org\/wp-content\/uploads\/2022\/11\/bhagavad_gita_ch1_image_flavours.png\" width=\"200\" \/><\/a>\n\n\t<\/div>\n<div class=\"pagecol3\" >\n<strong>Bhagavad Gita Chapter 2 &#8211; Recitation<\/strong><br \/>\n\t<a href=\"https:\/\/vedicpandits.org\/tr\/maharishi-veda-app\/?image_video=https%3A%2F%2Fplayer.vimeo.com%2Fvideo%2F775545609%3Fh%3D2bac0fa94f\" class=\"video-link \"><img decoding=\"async\" class=\"alignnone size-full wp-image-285\" src=\"https:\/\/vedicpandits.org\/wp-content\/uploads\/2022\/11\/BGita_ch2_flavour.png\" width=\"200\" \/><\/a>\n\n\t<\/div>\n<\/div>\n&nbsp;<br \/>\n<!--row 3--><\/p>\n<h4 style=\"margin-bottom: -25px;\">Gandharva Ved<\/h4>\n<div class=\"grid-holder\">\n<div class=\"pagecol3\" >\n<strong>Gandharva Ved &#8211; Bamboo Flute<\/strong><br \/>\n\t<a href=\"https:\/\/vedicpandits.org\/tr\/maharishi-veda-app\/?image_video=https%3A%2F%2Fplayer.vimeo.com%2Fvideo%2F772891944%3Fh%3Db50882dc2b\" class=\"video-link \"><img decoding=\"async\" class=\"alignnone size-full wp-image-285\" src=\"https:\/\/vedicpandits.org\/wp-content\/uploads\/2022\/11\/bamboo_flute_flavour.png\" width=\"200\" \/><\/a>\n\n\t<\/div>\n<div class=\"pagecol3\" >\n<strong>Rain Melody <\/strong><br \/>\n\t<a href=\"https:\/\/vedicpandits.org\/tr\/maharishi-veda-app\/?image_video=https%3A%2F%2Fplayer.vimeo.com%2Fvideo%2F772893048%3Fh%3D3e29244a2d\" class=\"video-link \"><img decoding=\"async\" class=\"alignnone size-full wp-image-285\" src=\"https:\/\/vedicpandits.org\/wp-content\/uploads\/2022\/11\/rain_melody_flavour.png\" width=\"200\" \/><\/a>\n\n\t<\/div>\n<div class=\"pagecol3\" ><strong>Gandharva Ved music &#8211; Sitar<\/strong><br \/>\n\t<a href=\"https:\/\/vedicpandits.org\/tr\/maharishi-veda-app\/?image_video=https%3A%2F%2Fplayer.vimeo.com%2Fvideo%2F772893920%3Fh%3Df1d59dd173\" class=\"video-link \"><img decoding=\"async\" class=\"alignnone size-full wp-image-285\" src=\"https:\/\/vedicpandits.org\/wp-content\/uploads\/2022\/11\/Screen-Shot-2022-11-19-at-6.44.34-PM.png\" width=\"200\" \/><\/a>\n\n\t<\/div>\n<\/div>\n<\/div>\n","protected":false},"excerpt":{"rendered":"<p>Maharishi Veda Uygulamas\u0131n\u0131 Deneyimleyin \u2013 Rehberli Genel Bak\u0131\u015f Buraya t\u0131klay\u0131n veya a\u015fa\u011f\u0131daki kapa\u011fa g\u00fczel tasarlanm\u0131\u015f e-kitab\u0131 ke\u015ffetmek i\u00e7in \u2013 yeni geni\u015fletilmi\u015f Maharishi Veda Uygulamas\u0131na zengin bir giri\u015f. Anlat\u0131m, k\u0131sa ses kay\u0131tlar\u0131 ve canl\u0131 bir foto\u011fraf ve ill\u00fcstrasyon koleksiyonu ile bu rehber, Uygulaman\u0131n derin i\u00e7eriklerine dair a\u00e7\u0131k ve ilham verici bir bak\u0131\u015f sunuyor. &nbsp; &nbsp; MAHARISHI [&hellip;]<\/p>\n","protected":false},"author":3,"featured_media":0,"parent":0,"menu_order":0,"comment_status":"closed","ping_status":"closed","template":"","meta":{"om_disable_all_campaigns":false,"_monsterinsights_skip_tracking":false,"_monsterinsights_sitenote_active":false,"_monsterinsights_sitenote_note":"","_monsterinsights_sitenote_category":0,"footnotes":""},"class_list":["post-51750","page","type-page","status-publish","hentry"],"_links":{"self":[{"href":"https:\/\/vedicpandits.org\/tr\/wp-json\/wp\/v2\/pages\/51750","targetHints":{"allow":["GET"]}}],"collection":[{"href":"https:\/\/vedicpandits.org\/tr\/wp-json\/wp\/v2\/pages"}],"about":[{"href":"https:\/\/vedicpandits.org\/tr\/wp-json\/wp\/v2\/types\/page"}],"author":[{"embeddable":true,"href":"https:\/\/vedicpandits.org\/tr\/wp-json\/wp\/v2\/users\/3"}],"replies":[{"embeddable":true,"href":"https:\/\/vedicpandits.org\/tr\/wp-json\/wp\/v2\/comments?post=51750"}],"version-history":[{"count":5,"href":"https:\/\/vedicpandits.org\/tr\/wp-json\/wp\/v2\/pages\/51750\/revisions"}],"predecessor-version":[{"id":104151,"href":"https:\/\/vedicpandits.org\/tr\/wp-json\/wp\/v2\/pages\/51750\/revisions\/104151"}],"wp:attachment":[{"href":"https:\/\/vedicpandits.org\/tr\/wp-json\/wp\/v2\/media?parent=51750"}],"curies":[{"name":"wp","href":"https:\/\/api.w.org\/{rel}","templated":true}]}}