{"id":36763,"date":"2017-02-27T09:26:09","date_gmt":"2017-02-27T09:26:09","guid":{"rendered":"https:\/\/vedicpandits.org\/ganesh-recitation\/"},"modified":"2020-08-22T16:09:41","modified_gmt":"2020-08-22T16:09:41","slug":"ganesh-recitation","status":"publish","type":"page","link":"https:\/\/vedicpandits.org\/tr\/ganesh-recitation\/","title":{"rendered":"Ganesh Recitation"},"content":{"rendered":"<h3 style=\"text-align:center;\">VEDALARIN OKUNMASININ DE\u011eER\u0130<\/h3>\n<p><a href=\"#source\">1. Kayna\u011f\u0131n \u00f6neminin anla\u015f\u0131lmas\u0131 <\/a><\/p>\n<p><a href=\"#training\">2. Veda Uzmanlar\u0131n\u0131n yeti\u015ftirilmesi<\/a><\/p>\n<p><a href=\"#ganesh\">3. Dinlemek i\u00e7in  ideal bir \u00f6rnek: Gane\u015f b\u00f6l\u00fcm\u00fcn\u00fcn okunmas\u0131<\/a><\/p>\n<p><a href=\"#RecitationPhysiology\">4. Ara\u015ft\u0131rma: Vedalar\u0131n okunmas\u0131 ve beden<\/a><\/p>\n<p><a href=\"#Maharishiexplains\">5. Maharishi a\u015fk\u0131nl\u0131\u011f\u0131 ve Vedalar\u0131n okunmas\u0131n\u0131 a\u00e7\u0131kl\u0131yor<\/a><\/p>\n<p><a href=\"#eCards\">6. e-Kart<\/a><\/p>\n<h4 id=\"source\" style=margin-top:25px;>1. KAYNA\u011eIN \u00d6NEM\u0130N\u0130N ANLA\u015eILMASI<\/h4>\n<p>Veda gelene\u011finin say\u0131s\u0131z arma\u011fanlar\u0131 aras\u0131nda Veda Panditlerinin okuduklar\u0131 b\u00f6l\u00fcmler sayesinde hayat\u0131m\u0131zda belli olumlu etkilerin ve niteliklerin canlanmas\u0131n\u0131 sayabiliriz. \u00d6rne\u011fin sa\u011fl\u0131k, zeka, mutluluk ve korunma alanlar\u0131ndaki etkiler. UNESCO Vedalar\u0131n okunu\u015funun insanl\u0131\u011f\u0131n manevi miras\u0131 oldu\u011funu ilan etmi\u015ftir. A\u015fa\u011f\u0131da Maharishi Veda Panditlerinin sizler i\u00e7in okudu\u011fu, derin bir s\u00fckunet veren Gane\u015f b\u00f6l\u00fcm\u00fcn\u00fcn ses kayd\u0131n\u0131 dinleyebilirsiniz.<\/p>\n<div class=\"border-line\">&nbsp;<\/div>\n<div class=\"grid-holder\">\n<div class=\"grid grid-desktop-50 grid-mobile-100\"><div class=\"holder\"><h4 id=\"training\">2. VEDALARIN DO\u011eRU OKUNMASI \u0130\u00c7\u0130N VER\u0130LEN YO\u011eUN E\u011e\u0130T\u0130M<\/h4>\n<p>Maharishi Mahesh Yogi modern \u00e7a\u011f\u0131n Veda ve bilin\u00e7 alanlar\u0131nda d\u00fcnyadaki en \u00f6nemli bilim insan\u0131 olarak bilinmektedir. Maharishi Hindistan\u2019da t\u00fcm b\u00f6lgelerde ve k\u00f6ylerde Maharishi Veda Panditi olmak isteyen \u00f6\u011frencilerin yeti\u015ftirildi\u011fi bir e\u011fitim a\u011f\u0131 kurmu\u015ftur. \u00d6\u011frenciler Maharishi\u2019nin olu\u015fturdu\u011fu d\u00fczenli ve ayr\u0131nt\u0131l\u0131 bir e\u011fitim program\u0131n\u0131 izlemekte, her Panditin en y\u00fcksek d\u00fczeyde yeti\u015ftirilmesi sa\u011flanmaktad\u0131r. 10 ya\u015f\u0131ndan 20 ya\u015f\u0131na ve \u00f6tesine, doktoraya kadar uzanan bir e\u011fitim verilmektedir. B\u00fct\u00fcn Panditler \u00f6zel bir e\u011fitimden ge\u00e7mekte, Transandantal Meditasyon ve TM-Sidhi program\u0131n\u0131, Yoga U\u00e7u\u015funu, Vedan\u0131n ve Veda metinlerinin 40 y\u00f6n\u00fcn\u00fc \u00f6\u011frenmekte, Yagyalar\u0131n yap\u0131lmas\u0131nda uzmanl\u0131k kazanmaktad\u0131r<\/p>\n<\/div><\/div>\n<div class=\"grid grid-desktop-50 grid-mobile-100\"><div class=\"holder\"><p><img loading=\"lazy\" decoding=\"async\" class=\"alignnone size-full wp-image-107\" src=\"https:\/\/vedicpandits.org\/wp-content\/uploads\/2020\/08\/cropped_young_pandits_orange_chairs.png\" alt=\"post-img-13\" width=\"435\" height=\"482\" \/><\/p>\n<\/div><\/div>\n<\/div>\n<div class=\"border-line\">&nbsp;<\/div>\n<h6 id=\"ganesh\">3. GANE\u015e B\u00d6L\u00dcM\u00dcN\u00dcN OKUNMASI<\/h6>\n<p>Gane\u015f engellerin ortadan kalkmas\u0131n\u0131, korkulardan kurtulmay\u0131, karma\u015f\u0131kl\u0131\u011f\u0131n sadeli\u011fe ve saadete d\u00f6n\u00fc\u015fmesini kolayla\u015ft\u0131ran zeka niteli\u011fidir. A\u015fa\u011f\u0131da \u015eri Gane\u015f Atharva\u015fir\u015fa olarak bilinen, derin dengeleyici etkiye sahip 15 dakikal\u0131k b\u00f6l\u00fcm\u00fc dinleyebilirsiniz. <\/p>\n<div class=\"box-info\">\n<h6>\t<a href=\"https:\/\/vedicpandits.org\/tr\/ganesh-recitation\/?image_video=https%3A%2F%2Fvimeo.com%2F450332582%2F2e187cf6af\" class=\"video-link no-pointer\"><u>GANE\u015e H\u0130ND\u0130STAN\u2019IN BRAHMASTHANINDA GANE\u015e B\u00d6LM\u00dcN\u00dcN OKUNMASI<\/u><\/a>\n\n\t<\/h6>\n<\/div>\n\t<a href=\"https:\/\/vedicpandits.org\/tr\/ganesh-recitation\/?image_video=https%3A%2F%2Fvimeo.com%2F450332582%2F2e187cf6af\" class=\"video-link \"><img decoding=\"async\" src=\"https:\/\/vedicpandits.org\/wp-content\/uploads\/2020\/08\/5pandits_long_3.png\" alt=\"\" width=\"1024\"  size-large wp-image-45843\" \/><\/a>\n\n\t\n<p>&nbsp;<\/p>\n<div class=\"border-line\">&nbsp;<\/div>\n<div class=\"grid-holder\">\n<div class=\"grid grid-desktop-50 grid-mobile-100\"><div class=\"holder\"><p><img loading=\"lazy\" decoding=\"async\" class=\"alignnone size-full wp-image-107\" src=\"\/wp-content\/uploads\/2017\/03\/one_pandit_in_group480_397.jpg\" alt=\"post-img-13\" width=\"480\" height=\"413\" \/><\/p>\n<\/div><\/div>\n<div class=\"grid grid-desktop-50 grid-mobile-100\"><div class=\"holder\"><h4 id=\"RecitationPhysiology\">4. VEDALARIN OKUNMASI VE BEDEN<\/h4>\n<p>MUM \u00dcniversitesi Beyin, Bilin\u00e7 ve Bili\u015f Merkezi Ba\u015fkan\u0131 (Fairfield, Iowa, ABD) n\u00f6rolog ve ara\u015ft\u0131rmac\u0131 Dr. Fred Travis Vedalar\u0131 dinlemenin beynin i\u015fleyi\u015fi \u00fczerindeki etkilerini ara\u015ft\u0131rd\u0131. Yay\u0131nlanan ara\u015ft\u0131rmas\u0131nda  (<a href=\"http:\/\/www.sciencedirect.com\/science\/article\/pii\/S1053810016300733\">ara\u015ft\u0131rmay\u0131 indirmek i\u00e7in t\u0131klay\u0131n\u0131z)<\/a>) Transandantal Meditasyon tekni\u011fini uygulayanlar Vedalar\u0131 dinlediklerinde derin sessizlikle canl\u0131 sessizli\u011fin niteli\u011fi olan belirgin fark\u0131ndal\u0131\u011f\u0131n birlikte deneyimlenmesi zihinlerinde geli\u015fmektedir. Bilimsel ara\u015ft\u0131rma meditasyon yapan binlerce ki\u015finin \u00f6znel deneyimlerini do\u011frulamaktad\u0131r.<\/p>\n<p>Maharishi Veda Panditlerini dinleme \u015fans\u0131n\u0131n oldu\u011fu bir kursa kat\u0131lan bir ki\u015finin deneyimi:  <a href=\"https:\/\/www.maharishiindiacourses.com\/tr\/experiences\/\">daha fazla deneyim i\u00e7in buraya t\u0131klay\u0131n\u0131z.<\/a>.<\/p>\n<\/div><\/div>\n<\/div>\n<div class=\"box-info\">\n\u201cMaharishi Veda Panditlerinden Vedalar\u0131 dinlemek e\u015fsiz bir deneyimdir; bilincin en derinlerindeki <br \/>saadet ve doygunluk canlan\u0131rken beden ar\u0131nmakta ve g\u00fc\u00e7 kazanmaktad\u0131r.\u201d<br \/>\nBB \u2013 Birle\u015fik Devletler<\/p>\n<\/div>\n<div class=\"border-line\">&nbsp;<\/div>\n<div class=\"grid-holder\">\n<div class=\"grid grid-desktop-50 grid-mobile-100\"><div class=\"holder\"><p><img decoding=\"async\" class=\"alignnone size-full wp-image-107\" src=\"https:\/\/vedicpandits.org\/wp-content\/uploads\/2019\/08\/maharishi.png\" alt=\"post-img-13\" width=\"480\" \/><\/p>\n<\/div><\/div>\n<div class=\"grid grid-desktop-50 grid-mobile-100\"><div class=\"holder\"><h4 style=\"margin-top:10px;\" id=\"Maharishiexplains\">5. MAHARISHI A\u015eKINLI\u011eI VE VEDALARIN OKUNMASINI A\u00c7IKLIYOR<\/h4>\n<p>A\u015fa\u011f\u0131daki k\u0131sa ses kayd\u0131nda Maharishi a\u015fk\u0131nl\u0131\u011f\u0131 ve Vedalar\u0131 dinlemeyi tan\u0131mlamaktad\u0131r \u2018\u2026 birbirlerinden ayr\u0131lamaz \u2026\u2019.<br \/>\n<a href=\"https:\/\/vedicpandits.org\/tr\/ganesh-recitation\/?audio_link=%2Fwp-content%2Fuploads%2F2015%2F03%2F06n-Difference-between-practising-TM-and-listening-to-Vedic-R.mp3\" class=\"audio-link\"> TM\u2019yi uygulamakla Vedalar\u0131 dinlemek aras\u0131ndaki fark. (Ses kayd\u0131 4:42 dak)<\/a> <\/p>\n<p>&nbsp;<\/p>\n<p style=\"margin-left:19px;\">\u201cVeda sesleri, \u00e7ok, \u00e7ok g\u00fczeldir. \u00c7ok g\u00fczeldir. G\u00fczel demek Do\u011fal Yasan\u0131n Tamam\u0131n\u0131n bu seslerde titre\u015fmesi demektir. Bu nedenle \u00f6nceli\u011fimiz Veda Panditlerinin iyi bir hayat s\u00fcrmelerini sa\u011flamakt\u0131r; bu \u015fekilde Vedalar\u0131 s\u00f6ylediklerinde ger\u00e7ekten titre\u015fen bir sesizlik i\u00e7inde olacaklard\u0131r. Atma\u2018n\u0131n kendi i\u00e7inde titre\u015fmesi eylem alan\u0131nda evrimin temelidir. Evrimin temeli sessizliktir \u2013 harekette sessizlik, harekette sessizlik, harekette sessizlik. Diyebilirizki bu bizim Vedalar\u0131n okunmas\u0131yla stresten kurtulmu\u015f bir d\u00fcnya bilinci yartama hedefimizdeki ana noktad\u0131r. Vedalar\u0131n okunmas\u0131 demek, temel yans\u0131malar alan\u0131ndaki ini\u015fli \u00e7\u0131k\u0131\u015fl\u0131 bozulmu\u015f de\u011ferlerin d\u00fczeltilmesi demektir.\u201d<br \/>\nMaharishi \u2013 Bas\u0131n Konferans\u0131, 15 Ocak 2003<\/p>\n<\/div><\/div>\n<\/div>\n<div class=\"border-line\">&nbsp;<\/div>\n<div class=\"grid-holder\">\n<div class=\"grid grid-desktop-50 grid-mobile-100\"><div class=\"holder\"><h4 id=\"eCards\">6. e-kart<\/h4>\n<p>&nbsp;<br \/>\n<a href=\"https:\/\/vedicpandits.org\/tr\/ecard\/\" rel=\"noopener noreferrer\" target=\"_blank\"><img decoding=\"async\" src=\"https:\/\/vedicpandits.org\/wp-content\/uploads\/2018\/12\/ecards-banner-3-300x119.jpg\" alt=\"\" width=\"435\" class=\"alignright size-medium wp-image-18273\" srcset=\"https:\/\/vedicpandits.org\/wp-content\/uploads\/2018\/12\/ecards-banner-3-300x119.jpg 300w, https:\/\/vedicpandits.org\/wp-content\/uploads\/2018\/12\/ecards-banner-3-768x306.jpg 768w, https:\/\/vedicpandits.org\/wp-content\/uploads\/2018\/12\/ecards-banner-3.jpg 912w\" sizes=\"(max-width: 300px) 100vw, 300px\" \/><\/a><\/p>\n<\/div><\/div>\n<div class=\"grid grid-desktop-50 grid-mobile-100\"><div class=\"holder\"><p><a href=\"https:\/\/vedicpandits.org\/tr\/ecard\/\" rel=\"noopener noreferrer\" target=\"_blank\"><img loading=\"lazy\" decoding=\"async\" src=\"https:\/\/vedicpandits.org\/wp-content\/uploads\/2020\/08\/pic_ecard_page-219x300.png\" alt=\"\" width=\"219\" height=\"300\" class=\"alignright size-medium wp-image-45146\" srcset=\"https:\/\/vedicpandits.org\/wp-content\/uploads\/2020\/08\/pic_ecard_page-219x300.png 219w, https:\/\/vedicpandits.org\/wp-content\/uploads\/2020\/08\/pic_ecard_page-747x1024.png 747w, https:\/\/vedicpandits.org\/wp-content\/uploads\/2020\/08\/pic_ecard_page-768x1052.png 768w, https:\/\/vedicpandits.org\/wp-content\/uploads\/2020\/08\/pic_ecard_page-300x411.png 300w, https:\/\/vedicpandits.org\/wp-content\/uploads\/2020\/08\/pic_ecard_page.png 946w\" sizes=\"auto, (max-width: 219px) 100vw, 219px\" \/><\/a><br \/>\nMaharishi Veda Panditlerinin Veda\u200b\u2019\u200blar\u0131 ezberden okuduklar\u0131, slayt ve videolarla donanm\u0131\u015f \u200bolan e-kartlar Maharishi Veda Panditlerinin birbirinden g\u00fczel resimleriyle doludur. \u00dccretsiz olan bu e-kartlar\u0131n ho\u015funuza gidece\u011fini ve arkada\u015flar\u0131n\u0131zla da payla\u015faca\u011f\u0131n\u0131z\u0131 \u00fcmit ediyoruz. <a href=\"https:\/\/vedicpandits.org\/tr\/ecard\/\" rel=\"noopener noreferrer\" target=\"_blank\">Buraya T\u0131kla<\/a><\/p>\n<\/div><\/div>\n<\/div>\n","protected":false},"excerpt":{"rendered":"<p>VEDALARIN OKUNMASININ DE\u011eER\u0130 1. Kayna\u011f\u0131n \u00f6neminin anla\u015f\u0131lmas\u0131 2. Veda Uzmanlar\u0131n\u0131n yeti\u015ftirilmesi 3. Dinlemek i\u00e7in ideal bir \u00f6rnek: Gane\u015f b\u00f6l\u00fcm\u00fcn\u00fcn okunmas\u0131 4. Ara\u015ft\u0131rma: Vedalar\u0131n okunmas\u0131 ve beden 5. Maharishi a\u015fk\u0131nl\u0131\u011f\u0131 ve Vedalar\u0131n okunmas\u0131n\u0131 a\u00e7\u0131kl\u0131yor 6. e-Kart 1. KAYNA\u011eIN \u00d6NEM\u0130N\u0130N ANLA\u015eILMASI Veda gelene\u011finin say\u0131s\u0131z arma\u011fanlar\u0131 aras\u0131nda Veda Panditlerinin okuduklar\u0131 b\u00f6l\u00fcmler sayesinde hayat\u0131m\u0131zda belli olumlu etkilerin ve niteliklerin [&hellip;]<\/p>\n","protected":false},"author":3,"featured_media":0,"parent":0,"menu_order":0,"comment_status":"closed","ping_status":"closed","template":"","meta":{"om_disable_all_campaigns":false,"_monsterinsights_skip_tracking":false,"_monsterinsights_sitenote_active":false,"_monsterinsights_sitenote_note":"","_monsterinsights_sitenote_category":0,"footnotes":""},"class_list":["post-36763","page","type-page","status-publish","hentry"],"_links":{"self":[{"href":"https:\/\/vedicpandits.org\/tr\/wp-json\/wp\/v2\/pages\/36763","targetHints":{"allow":["GET"]}}],"collection":[{"href":"https:\/\/vedicpandits.org\/tr\/wp-json\/wp\/v2\/pages"}],"about":[{"href":"https:\/\/vedicpandits.org\/tr\/wp-json\/wp\/v2\/types\/page"}],"author":[{"embeddable":true,"href":"https:\/\/vedicpandits.org\/tr\/wp-json\/wp\/v2\/users\/3"}],"replies":[{"embeddable":true,"href":"https:\/\/vedicpandits.org\/tr\/wp-json\/wp\/v2\/comments?post=36763"}],"version-history":[{"count":6,"href":"https:\/\/vedicpandits.org\/tr\/wp-json\/wp\/v2\/pages\/36763\/revisions"}],"predecessor-version":[{"id":46107,"href":"https:\/\/vedicpandits.org\/tr\/wp-json\/wp\/v2\/pages\/36763\/revisions\/46107"}],"wp:attachment":[{"href":"https:\/\/vedicpandits.org\/tr\/wp-json\/wp\/v2\/media?parent=36763"}],"curies":[{"name":"wp","href":"https:\/\/api.w.org\/{rel}","templated":true}]}}