{"id":5190,"date":"2014-07-08T07:40:21","date_gmt":"2014-07-08T07:40:21","guid":{"rendered":"https:\/\/vedicpandits.org\/?page_id=5190"},"modified":"2015-07-23T09:58:09","modified_gmt":"2015-07-23T09:58:09","slug":"events","status":"publish","type":"page","link":"https:\/\/vedicpandits.org\/pt-br\/contact\/events\/","title":{"rendered":"Eventos"},"content":{"rendered":"<h4>OS NOSSOS CAMPUS J\u00c1 RECEBERAM CONVIDADOS DE TODAS AS PARTES DO MUNDO.<\/h4>\n<p>Milhares de pessoas j\u00e1 aproveitaram a oportunidade de participar de eventos, cursos e turn\u00eas em tr\u00eas localidades principais.<br \/>\nAguardamos com antecipa\u00e7\u00e3o a possibilidade de recepcion\u00e1-lo em um ou mais desses centros. Voc\u00ea poder\u00e1 ter a experi\u00eancia intensa de sil\u00eancio profundo ao redor de um numeroso grupo gerador de paz e desfrutar das recita\u00e7\u00f5es dos Pandits V\u00e9dicos Maharishi ao vivo.<\/p>\n","protected":false},"excerpt":{"rendered":"<p>OS NOSSOS CAMPUS J\u00c1 RECEBERAM CONVIDADOS DE TODAS AS PARTES DO MUNDO. Milhares de pessoas j\u00e1 aproveitaram a oportunidade de participar de eventos, cursos e turn\u00eas em tr\u00eas localidades principais. Aguardamos com antecipa\u00e7\u00e3o a possibilidade de recepcion\u00e1-lo em um ou mais desses centros. Voc\u00ea poder\u00e1 ter a experi\u00eancia intensa de sil\u00eancio profundo ao redor de [&hellip;]<\/p>\n","protected":false},"author":3,"featured_media":57,"parent":5182,"menu_order":0,"comment_status":"open","ping_status":"closed","template":"template-events.php","meta":{"om_disable_all_campaigns":false,"_monsterinsights_skip_tracking":false,"_monsterinsights_sitenote_active":false,"_monsterinsights_sitenote_note":"","_monsterinsights_sitenote_category":0,"footnotes":""},"class_list":["post-5190","page","type-page","status-publish","has-post-thumbnail","hentry"],"_links":{"self":[{"href":"https:\/\/vedicpandits.org\/pt-br\/wp-json\/wp\/v2\/pages\/5190","targetHints":{"allow":["GET"]}}],"collection":[{"href":"https:\/\/vedicpandits.org\/pt-br\/wp-json\/wp\/v2\/pages"}],"about":[{"href":"https:\/\/vedicpandits.org\/pt-br\/wp-json\/wp\/v2\/types\/page"}],"author":[{"embeddable":true,"href":"https:\/\/vedicpandits.org\/pt-br\/wp-json\/wp\/v2\/users\/3"}],"replies":[{"embeddable":true,"href":"https:\/\/vedicpandits.org\/pt-br\/wp-json\/wp\/v2\/comments?post=5190"}],"version-history":[{"count":3,"href":"https:\/\/vedicpandits.org\/pt-br\/wp-json\/wp\/v2\/pages\/5190\/revisions"}],"predecessor-version":[{"id":5193,"href":"https:\/\/vedicpandits.org\/pt-br\/wp-json\/wp\/v2\/pages\/5190\/revisions\/5193"}],"up":[{"embeddable":true,"href":"https:\/\/vedicpandits.org\/pt-br\/wp-json\/wp\/v2\/pages\/5182"}],"wp:featuredmedia":[{"embeddable":true,"href":"https:\/\/vedicpandits.org\/pt-br\/wp-json\/wp\/v2\/media\/57"}],"wp:attachment":[{"href":"https:\/\/vedicpandits.org\/pt-br\/wp-json\/wp\/v2\/media?parent=5190"}],"curies":[{"name":"wp","href":"https:\/\/api.w.org\/{rel}","templated":true}]}}