{"id":36884,"date":"2017-02-27T09:26:09","date_gmt":"2017-02-27T09:26:09","guid":{"rendered":"https:\/\/vedicpandits.org\/ganesh-recitation\/"},"modified":"2020-08-22T16:10:21","modified_gmt":"2020-08-22T16:10:21","slug":"ganesh-recitation","status":"publish","type":"page","link":"https:\/\/vedicpandits.org\/hr\/ganesh-recitation\/","title":{"rendered":"Ganesh Recitation"},"content":{"rendered":"<h3 style=\"text-align:center;\">VRIJEDNOST VEDSKE RECITACIJE<\/h3>\n<p><a href=\"#source\">1. Razumijevanje izvora<\/a><\/p>\n<p><a href=\"#training\">2. Educiranje vedskih stru\u010dnjaka<\/a><\/p>\n<p><a href=\"#ganesh\">3. Idealan primjer iskustva: Ganesh recitacija<\/a><\/p>\n<p><a href=\"#RecitationPhysiology\">4. Istra\u017eivanje: Vedska recitacija i fiziologija<\/a><\/p>\n<p><a href=\"#Maharishiexplains\">5. Maharishi govori o transcendiranju i vedskoj recitaciji<\/a><\/p>\n<p><a href=\"#eCards\">6. e-\u010cestitke<\/a><\/p>\n<h4 id=\"source\" style=margin-top:25px;>1. RAZUMIJEVANJE IZVORA<\/h4>\n<p>Jedan od mnogih velikih darova vedske tradicije je to \u0161to se posebno povoljni utjecaji i kvalitete mogu o\u017eivjeti u na\u0161im \u017eivotima putem recitacija vedskih Pandita; na primjer, za dobro zdravlje, inteligenciju, sre\u0107u ili za\u0161titu. UNESCO je proglasio vedsku recitaciju nematerijalnim naslje\u0111em \u010dovje\u010danstva. Ispod mo\u017eete na\u0107i audio snimku \u2013 duboko utvr\u0111eni primjer Ganesh recitacije \u2013 Maharishijevih vedskih Pandita, da u\u017eivate u njoj.<\/p>\n<div class=\"border-line\">&nbsp;<\/div>\n<div class=\"grid-holder\">\n<div class=\"grid grid-desktop-50 grid-mobile-100\"><div class=\"holder\"><h4 id=\"training\">2. OPSE\u017dNA EDUKACIJA ZA VEDSKU IZVEDBU<\/h4>\n<p>Maharishi Mahesh Yogi is nadaleko priznat kao vode\u0107i svjetski vedski stru\u010dnjak i znanstvenik u podru\u010dju svijesti suvremenog doba. U selima i regionalnim centrima za obuku \u0161irom Indije Maharishi je stvorio mre\u017eu podu\u010davanja za u\u010denike koji \u017eele postati Maharishijevi vedski Panditi. U\u010denici slijede sustavni i detaljni program obuke koji je Maharishi osmislio kako bi osigurao da svaki Pandit dobije visoku i standardiziranu razinu obuke. U dobi od 10 do 20 godina i nadalje, kroz potpuno znanstvene programe, oni prate poseban smjer studiranja koji uklju\u010duje u\u010denje transcendentalne meditacije i TM-sidhi programa i yogijskog letenja, 40 aspekata Veda i vedske literature, te postaju stru\u010dni za izvo\u0111enje Yagya.<\/p>\n<\/div><\/div>\n<div class=\"grid grid-desktop-50 grid-mobile-100\"><div class=\"holder\"><p><img loading=\"lazy\" decoding=\"async\" class=\"alignnone size-full wp-image-107\" src=\"https:\/\/vedicpandits.org\/wp-content\/uploads\/2020\/08\/cropped_young_pandits_orange_chairs.png\" alt=\"post-img-13\" width=\"435\" height=\"482\" \/><\/p>\n<\/div><\/div>\n<\/div>\n<div class=\"border-line\">&nbsp;<\/div>\n<h6 id=\"ganesh\">3. Ganesh RECITACIJA<\/h6>\n<p>Ganesh je kvaliteta inteligencije koja predstavlja i olak\u0161ava uklanjanje prepreka, gubitak straha i preobrazbu slo\u017eenih situacija u jednostavnost i bla\u017eenstvo. Ispod mo\u017eete slu\u0161ati duboko uskla\u0111uju\u0107u i obnavljaju\u0107u 15-minutnu recitaciju poznatu kao Shri Ganesh Atharvashirsha.<\/p>\n<div class=\"box-info\">\n<h6>\t<a href=\"https:\/\/vedicpandits.org\/hr\/ganesh-recitation\/?image_video=https%3A%2F%2Fvimeo.com%2F450332582%2F2e187cf6af\" class=\"video-link no-pointer\"><u>GANESH RECITACIJA U BRAHMASTHANU INDIJE<\/u><\/a>\n\n\t<\/h6>\n<\/div>\n\t<a href=\"https:\/\/vedicpandits.org\/hr\/ganesh-recitation\/?image_video=https%3A%2F%2Fvimeo.com%2F450332582%2F2e187cf6af\" class=\"video-link \"><img decoding=\"async\" src=\"https:\/\/vedicpandits.org\/wp-content\/uploads\/2020\/08\/5pandits_long_3.png\" alt=\"\" width=\"1024\"  size-large wp-image-45843\" \/><\/a>\n\n\t\n<p>&nbsp;<br \/>\n<div class=\"border-line\">&nbsp;<\/div>\n<div class=\"grid-holder\">\n<div class=\"grid grid-desktop-50 grid-mobile-100\"><div class=\"holder\"><p><img loading=\"lazy\" decoding=\"async\" class=\"alignnone size-full wp-image-107\" src=\"\/wp-content\/uploads\/2017\/03\/one_pandit_in_group480_397.jpg\" alt=\"post-img-13\" width=\"480\" height=\"413\" \/><\/p>\n<\/div><\/div>\n<div class=\"grid grid-desktop-50 grid-mobile-100\"><div class=\"holder\"><h4 id=\"RecitationPhysiology\">4. VEDSKA RECITACIJA I FIZIOLOGIJA<\/h4>\n<p>Neuroznanstvenik i istra\u017eiva\u010d dr. Fred Travis, direktor Centra za mozak, svijest i spoznaju, MUM, Fairfield, Iowa, SAD je proveo istra\u017eivanje o u\u010dincima na funkcioniranje mozga pri slu\u0161anju vedskih recitacija Objavio je svoje istra\u017eivanje (<a href=\"http:\/\/www.sciencedirect.com\/science\/article\/pii\/S1053810016300733\">ovdje ga mo\u017eete preuzeti<\/a>) koje pokazuje da, kada praktikanti tehnike transcendentalne meditacije slu\u0161aju vedsku recitaciju, ona mo\u017ee kultivirati dvostruko iskustvo duboke unutarnje ti\u0161ine zajedno sa specifi\u010dnom lokaliziranom svije\u0161\u0107u koju karakterizira \u017eiva ti\u0161ina. Ovo objektivno istra\u017eivanje potvr\u0111uje subjektivno iskustvo tisu\u0107a meditanata. <\/p>\n<p>Ispod mo\u017eete pro\u010ditati iskustvo osobe koja je poha\u0111ala te\u010daj koji je pru\u017eio nevjerojatnu priliku za slu\u0161anje recitacija Maharishijevih vedskih Pandita u\u017eivo.<\/p>\n<p>Vi\u0161e iskustava mo\u017eete <a href=\"http:\/\/www.maharishiindiacourses.com\/en\/experiences\/\">pro\u010ditati ovdje.<\/a><\/p>\n<\/div><\/div>\n<\/div>\n<div class=\"box-info\">\n\u201cSlu\u0161anje vedskih recitacija Maharishijevih vedskih Pandita je potpuno jedinstveno iskustvo koje o\u017eivljava najdublje razine svijesti, bla\u017eenstvom i ispunjenjem, uz istovremeno pro\u010di\u0161\u0107enje i sna\u017eenje fiziologije.\u201d BB &#8211; SAD\n<\/div>\n<div class=\"border-line\">&nbsp;<\/div>\n<div class=\"grid-holder\">\n<div class=\"grid grid-desktop-50 grid-mobile-100\"><div class=\"holder\"><p><img decoding=\"async\" class=\"alignnone size-full wp-image-107\" src=\"https:\/\/vedicpandits.org\/wp-content\/uploads\/2019\/08\/maharishi.png\" alt=\"post-img-13\" width=\"480\" \/><\/p>\n<\/div><\/div>\n<div class=\"grid grid-desktop-50 grid-mobile-100\"><div class=\"holder\"><h4 style=\"margin-top:10px;\" id=\"Maharishiexplains\">5. MAHARISHI GOVORI O TRANSCENDIRANJU I VEDSKOJ RECITACIJI<\/h4>\n<p>U ovoj kratkoj audio snimci Maharishi opisuje kako su transcendiranje i slu\u0161anje vedskih recitacija&#8217;&#8230; neodvojivi&#8230;&#8217;<br \/>\n<a href=\"https:\/\/vedicpandits.org\/hr\/ganesh-recitation\/?audio_link=%2Fwp-content%2Fuploads%2F2015%2F03%2F06n-Difference-between-practising-TM-and-listening-to-Vedic-R.mp3\" class=\"audio-link\"> Razlika izme\u0111u prakticiranja TM i slu\u0161anja vedskih recitacija (Audio 4:42 min)<\/a> <\/p>\n<p>&nbsp;<\/p>\n<p style=\"margin-left:19px;\">&#8220;Vedski zvuci, oni su vrlo, vrlo lijepi. Vrlo lijepi.<br \/>\n<em>Lijepi<\/em> zna\u010di da potpuni Prirodni zakon odjekuje u tim zvucima. Zato je na\u0161 cijeli program, na lijep na\u010din stvoriti i odr\u017eavati \u017eivot ovih vedskih Pandita, tako da ono \u0161to oni recitiraju &#8211; vedske recitacije &#8211; imaju tu izvornost ti\u0161ine koja odjekuje. Atma odjekuje u sebi. To je osnova evolucije u djelovanju. Osnova evolucije je ti\u0161ina &#8211; ti\u0161ina u aktivnosti, ti\u0161ina u aktivnosti, ti\u0161ina u aktivnosti. To je, mogli bismo re\u0107i, glavna to\u010dka na\u0161e teme stvaranja svjetske svijesti oslobo\u0111ene stresa putem vedskih recitacija. Vedske recitacije zna\u010de ispravljanje iskrivljene, naru\u0161ene vrijednosti temeljnog polja odjeka.&#8221; <\/p>\n<p style=\"margin-left:19px;\">Maharishi \u2013 Tiskovna konferencija, 15. sije\u010dnja 2003.<\/p>\n<\/div><\/div>\n<\/div>\n<div class=\"border-line\">&nbsp;<\/div>\n<div class=\"grid-holder\">\n<div class=\"grid grid-desktop-50 grid-mobile-100\"><div class=\"holder\"><h4 id=\"eCards\">6. E-\u010cESTITKE<\/h4>\n<p>&nbsp;<br \/>\n<a href=\"https:\/\/vedicpandits.org\/hr\/ecard\/\" rel=\"noopener noreferrer\" target=\"_blank\"><img decoding=\"async\" src=\"https:\/\/vedicpandits.org\/wp-content\/uploads\/2018\/12\/ecards-banner-3-300x119.jpg\" alt=\"\" width=\"435\" class=\"alignright size-medium wp-image-18273\" srcset=\"https:\/\/vedicpandits.org\/wp-content\/uploads\/2018\/12\/ecards-banner-3-300x119.jpg 300w, https:\/\/vedicpandits.org\/wp-content\/uploads\/2018\/12\/ecards-banner-3-768x306.jpg 768w, https:\/\/vedicpandits.org\/wp-content\/uploads\/2018\/12\/ecards-banner-3.jpg 912w\" sizes=\"(max-width: 300px) 100vw, 300px\" \/><\/a><\/p>\n<\/div><\/div>\n<div class=\"grid grid-desktop-50 grid-mobile-100\"><div class=\"holder\"><p><a href=\"https:\/\/vedicpandits.org\/hr\/ecard\/\" rel=\"noopener noreferrer\" target=\"_blank\"><img loading=\"lazy\" decoding=\"async\" src=\"https:\/\/vedicpandits.org\/wp-content\/uploads\/2020\/08\/pic_ecard_page-219x300.png\" alt=\"\" width=\"219\" height=\"300\" class=\"alignright size-medium wp-image-45146\" srcset=\"https:\/\/vedicpandits.org\/wp-content\/uploads\/2020\/08\/pic_ecard_page-219x300.png 219w, https:\/\/vedicpandits.org\/wp-content\/uploads\/2020\/08\/pic_ecard_page-747x1024.png 747w, https:\/\/vedicpandits.org\/wp-content\/uploads\/2020\/08\/pic_ecard_page-768x1052.png 768w, https:\/\/vedicpandits.org\/wp-content\/uploads\/2020\/08\/pic_ecard_page-300x411.png 300w, https:\/\/vedicpandits.org\/wp-content\/uploads\/2020\/08\/pic_ecard_page.png 946w\" sizes=\"auto, (max-width: 219px) 100vw, 219px\" \/><\/a><br \/>\nSve e-\u010destitke prepune su prekrasnih fotografija Maharishijevih vedskih pandita nadopunjenih audio i video zapisima te slikovnim serijalima tijekom njihovih recitacija. Nadamo se da \u0107ete u\u017eivati u tim besplatnim i lijepo ura\u0111enim e-\u010destitkama te da \u0107ete ih podijeliti sa svojim prijateljima. <a href=\"https:\/\/vedicpandits.org\/hr\/ecard\/\" rel=\"noopener noreferrer\" target=\"_blank\">Kliknite ovdje<\/a><\/p>\n<\/div><\/div>\n<\/div>\n","protected":false},"excerpt":{"rendered":"<p>VRIJEDNOST VEDSKE RECITACIJE 1. Razumijevanje izvora 2. Educiranje vedskih stru\u010dnjaka 3. Idealan primjer iskustva: Ganesh recitacija 4. Istra\u017eivanje: Vedska recitacija i fiziologija 5. Maharishi govori o transcendiranju i vedskoj recitaciji 6. e-\u010cestitke 1. RAZUMIJEVANJE IZVORA Jedan od mnogih velikih darova vedske tradicije je to \u0161to se posebno povoljni utjecaji i kvalitete mogu o\u017eivjeti u na\u0161im [&hellip;]<\/p>\n","protected":false},"author":3,"featured_media":0,"parent":0,"menu_order":0,"comment_status":"closed","ping_status":"closed","template":"","meta":{"om_disable_all_campaigns":false,"_monsterinsights_skip_tracking":false,"_monsterinsights_sitenote_active":false,"_monsterinsights_sitenote_note":"","_monsterinsights_sitenote_category":0,"footnotes":""},"class_list":["post-36884","page","type-page","status-publish","hentry"],"_links":{"self":[{"href":"https:\/\/vedicpandits.org\/hr\/wp-json\/wp\/v2\/pages\/36884","targetHints":{"allow":["GET"]}}],"collection":[{"href":"https:\/\/vedicpandits.org\/hr\/wp-json\/wp\/v2\/pages"}],"about":[{"href":"https:\/\/vedicpandits.org\/hr\/wp-json\/wp\/v2\/types\/page"}],"author":[{"embeddable":true,"href":"https:\/\/vedicpandits.org\/hr\/wp-json\/wp\/v2\/users\/3"}],"replies":[{"embeddable":true,"href":"https:\/\/vedicpandits.org\/hr\/wp-json\/wp\/v2\/comments?post=36884"}],"version-history":[{"count":6,"href":"https:\/\/vedicpandits.org\/hr\/wp-json\/wp\/v2\/pages\/36884\/revisions"}],"predecessor-version":[{"id":46108,"href":"https:\/\/vedicpandits.org\/hr\/wp-json\/wp\/v2\/pages\/36884\/revisions\/46108"}],"wp:attachment":[{"href":"https:\/\/vedicpandits.org\/hr\/wp-json\/wp\/v2\/media?parent=36884"}],"curies":[{"name":"wp","href":"https:\/\/api.w.org\/{rel}","templated":true}]}}