{"id":16911,"date":"2018-09-10T17:04:54","date_gmt":"2018-09-10T17:04:54","guid":{"rendered":"https:\/\/vedicpandits.org\/updates-news-and-progress\/"},"modified":"2018-09-18T10:24:05","modified_gmt":"2018-09-18T10:24:05","slug":"updates-news-and-progress","status":"publish","type":"page","link":"https:\/\/vedicpandits.org\/fr\/updates-news-and-progress\/","title":{"rendered":"Updates, News and Progress"},"content":{"rendered":"<blockquote>\n<h3 style=\"text-align:center;\">Les toutes derni\u00e8res nouvelles et r\u00e9cents accomplissements<\/h3>\n<p>&nbsp;<\/p>\n<h4 style=\"margin-bottom:-30px;\">Ci-dessous des photos des progr\u00e8s remarquables r\u00e9alis\u00e9s en Inde &#8211; septembre 2018<\/h4>\n<p><!--Enjoy the pictures below or <a href=\"https:\/\/vimeo.com\/288406340\/85ccdf94b0\" rel=\"noopener\" target=\"_blank\">Click here<\/a> if you would like to watch a 30 minute video presentation.--><\/p>\n<div class=\"grid-holder\">\n<div class=\"grid grid-desktop-50 grid-mobile-100\"><div class=\"holder\"><p><img decoding=\"async\" src=\"https:\/\/vedicpandits.org\/wp-content\/uploads\/2018\/09\/bhopal_gardens.png\" width=\"440\"><\/p>\n<p style=\"margin-top:-18px;\">Le campus de Bhopal<\/p>\n<\/div><\/div>\n<div class=\"grid grid-desktop-50 grid-mobile-100\"><div class=\"holder\"><p><img decoding=\"async\" src=\"https:\/\/vedicpandits.org\/wp-content\/uploads\/2018\/09\/brahmasthan.png\" width=\"440\"><\/p>\n<p style=\"margin-top:-18px;\">Vue a\u00e9rienne du Brahmasthan de l&rsquo;Inde<\/p>\n<\/div><\/div>\n<\/div>\n<div class=\"grid-holder\">\n<div class=\"grid grid-desktop-50 grid-mobile-100\"><div class=\"holder\"><p><img decoding=\"async\" src=\"https:\/\/vedicpandits.org\/wp-content\/uploads\/2018\/09\/Goshala_dairy.jpg\" width=\"440\"><\/p>\n<p style=\"margin-top:-18px;\">Les vaches laiti\u00e8res \u00e0 Goshala pour les pandits v\u00e9diques Maharishi<\/p>\n<\/div><\/div>\n<div class=\"grid grid-desktop-50 grid-mobile-100\"><div class=\"holder\"><p><img decoding=\"async\" src=\"https:\/\/vedicpandits.org\/wp-content\/uploads\/2018\/09\/goshala.jpg\" width=\"440\"><\/p>\n<p style=\"margin-top:-18px;\">D&rsquo;autres vaches \u00e0 Goshala fournissant du lait aux Pandits<\/p>\n<\/div><\/div>\n<\/div>\n<div class=\"grid-holder\">\n<div class=\"grid grid-desktop-50 grid-mobile-100\"><div class=\"holder\"><p><img decoding=\"async\" src=\"https:\/\/vedicpandits.org\/wp-content\/uploads\/2018\/09\/first_hoven_mandap-.png\" width=\"440\"><\/p>\n<p style=\"margin-top:-18px; line-height:16px;\">Ce nouveau chantier en construction au Brahmasthan sont les Mandaps Adbhutashanti. Chaque b\u00e2timent Mandap contient un foyer pour les  Yagyas Hoven et un toit sp\u00e9cifique \u00e0 plusieurs niveaux assurant une bonne ventilation.<\/p>\n<p>&nbsp;<\/p>\n<\/div><\/div>\n<div class=\"grid grid-desktop-50 grid-mobile-100\"><div class=\"holder\"><p><img decoding=\"async\" src=\"https:\/\/vedicpandits.org\/wp-content\/uploads\/2018\/09\/construction_of_second_hoven_mandap.png\" width=\"440\"><\/p>\n<p style=\"margin-top:-18px;line-height:16px;\">Construction du deuxi\u00e8me des cinq Mandap Adbhutashanti. Cette photo a \u00e9t\u00e9 prise pendant la saison des pluies 2018.<\/p>\n<\/div><\/div>\n<\/div>\n<div class=\"grid-holder\">\n<div class=\"grid grid-desktop-50 grid-mobile-100\"><div class=\"holder\"><p><img decoding=\"async\" src=\"https:\/\/vedicpandits.org\/wp-content\/uploads\/2018\/09\/first_new_road_construction.png\n\" width=\"440\"><\/p>\n<p style=\"margin-top:-18px; line-height:16px;\">Ces nouveaux sentiers b\u00e9tonn\u00e9s ont \u00e9t\u00e9 am\u00e9nag\u00e9s pour faciliter les d\u00e9placements pendant la saison des pluies.<\/p>\n<\/div><\/div>\n<div class=\"grid grid-desktop-50 grid-mobile-100\"><div class=\"holder\"><p><img decoding=\"async\" src=\"https:\/\/vedicpandits.org\/wp-content\/uploads\/2018\/09\/second_road_construction.png\" width=\"440\"><\/p>\n<p style=\"margin-top:-18px; line-height:16px;\">Des sentiers de promenade ont \u00e9t\u00e9 construits pour les pandits du Brahmasthan en Inde.<\/p>\n<\/div><\/div>\n<\/div>\n<div class=\"grid-holder\">\n<div class=\"grid grid-desktop-50 grid-mobile-100\"><div class=\"holder\"><p><img decoding=\"async\" src=\"https:\/\/vedicpandits.org\/wp-content\/uploads\/2018\/09\/ayodhya_campus_under_construction.png\n\" width=\"440\"><\/p>\n<p style=\"margin-top:-18px; line-height:16px;\">B\u00e2timent en construction au campus d&rsquo;Ayodhya qui compte d\u00e9j\u00e0 500 Pandits.<\/p>\n<\/div><\/div>\n<div class=\"grid grid-desktop-50 grid-mobile-100\"><div class=\"holder\"><p><img decoding=\"async\" src=\"https:\/\/vedicpandits.org\/wp-content\/uploads\/2018\/09\/prayag.png\" width=\"440\"><\/p>\n<p style=\"margin-top:-18px; line-height:16px;\">Campus Brahamananda Saraswati Nagar \u00e0 Prayag-Alahabad pour 500 Pandits V\u00e9diques Maharishi. Il fait partie d&rsquo;un ensemble de trois b\u00e2timents identiques.<\/p>\n<\/div><\/div>\n<\/div>\n<div class=\"grid-holder\">\n<div class=\"grid grid-desktop-50 grid-mobile-100\"><div class=\"holder\"><p><img decoding=\"async\" src=\"https:\/\/vedicpandits.org\/wp-content\/uploads\/2018\/09\/rajamundry_campus.png\" width=\"440\"><\/p>\n<p style=\"margin-top:-18px; line-height:16px;\">Campus Brahmananda Saraswati Nagar \u00e0 Rajahmundry pour 200 Pandits.<\/p>\n<\/div><\/div>\n<div class=\"grid grid-desktop-50 grid-mobile-100\"><div class=\"holder\"><p><img decoding=\"async\" src=\"https:\/\/vedicpandits.org\/wp-content\/uploads\/2018\/09\/vishwanath_charlayi_campus.png\n\" width=\"440\"><\/p>\n<p style=\"margin-top:-18px; line-height:16px;\">Campus \u00e0 Vishwanath Charlaya pour 200 pandits v\u00e9diques Maharishi <\/p>\n<\/div><\/div>\n<\/div>\n<div class=\"grid-holder\">\n<div class=\"grid grid-desktop-50 grid-mobile-100\"><div class=\"holder\"><p><img decoding=\"async\" src=\"https:\/\/vedicpandits.org\/wp-content\/uploads\/2018\/09\/rajamundy_2_pandits_campus.png\n\" width=\"440\"><\/p>\n<p style=\"margin-top:-18px; line-height:16px;\">Construction sur le campus de Rajamundry pour 200 pandits v\u00e9diques Maharishi.<\/p>\n<\/div><\/div>\n<div class=\"grid grid-desktop-50 grid-mobile-100\"><div class=\"holder\"><p><img decoding=\"async\" src=\"https:\/\/vedicpandits.org\/wp-content\/uploads\/2018\/09\/rajamundy_pandit_campus_in_india.png\n\" width=\"440\"><\/p>\n<p style=\"margin-top:-18px; line-height:16px;\">Construction sur le campus de Rajamundry pour 200 pandits v\u00e9diques Maharishi<\/p>\n<\/div><\/div>\n<\/div>\n<div class=\"grid-holder\">\n<div class=\"grid grid-desktop-50 grid-mobile-100\"><div class=\"holder\"><p><img decoding=\"async\" src=\"https:\/\/vedicpandits.org\/wp-content\/uploads\/2018\/09\/school_maharishi_residential.png\n\" width=\"440\"><\/p>\n<p style=\"margin-top:-18px; line-height:16px;\">Les Mandirs Vidya Maharishi sont des \u00e9coles pour les enfants \u00e2g\u00e9s de 6 \u00e0 18 ans.<\/p>\n<\/div><\/div>\n<div class=\"grid grid-desktop-50 grid-mobile-100\"><div class=\"holder\"><p><img decoding=\"async\" src=\"https:\/\/vedicpandits.org\/wp-content\/uploads\/2018\/09\/school_boys_in_playground.png\n\" width=\"440\"><\/p>\n<p style=\"margin-top:-18px; line-height:16px;\">Ecole Maharishi \u00e0 Chennai. C&rsquo;est l&rsquo;une des 191 \u00e9coles Maharishi en Inde.<\/p>\n<\/div><\/div>\n<\/div>\n<div class=\"grid-holder\">\n<div class=\"grid grid-desktop-50 grid-mobile-100\"><div class=\"holder\"><p><img decoding=\"async\" src=\"https:\/\/vedicpandits.org\/wp-content\/uploads\/2018\/09\/students_meditating_inside.png\n\" width=\"440\"><\/p>\n<p style=\"margin-top:-18px; line-height:16px;\">\u00c9tudiants des Mandirs Vidya Maharishi  pratiquant la M\u00e9ditation Transcendantale.<\/p>\n<\/div><\/div>\n<div class=\"grid grid-desktop-50 grid-mobile-100\"><div class=\"holder\"><p><img decoding=\"async\" src=\"https:\/\/vedicpandits.org\/wp-content\/uploads\/2018\/09\/meditating_students_outside_under_tent.png\n\" width=\"440\"><\/p>\n<p style=\"margin-top:-18px; line-height:16px;\">\u00c9l\u00e8ves des Mandirs Vidya Maharishi  pratiquant la M\u00e9ditation Transcendantale.<\/p>\n<\/div><\/div>\n<\/div>\n<div class=\"grid-holder\">\n<div class=\"grid grid-desktop-50 grid-mobile-100\"><div class=\"holder\"><p><img decoding=\"async\" src=\"https:\/\/vedicpandits.org\/wp-content\/uploads\/2018\/09\/centre_for_educational_excellence_in_bhopal.png\" width=\"440\"><\/p>\n<p style=\"margin-top:-18px; line-height:16px;\">Etablissement scolaire d&rsquo;excellence Maharishi \u00e0 Bhopal dans des b\u00e2timents construits selon l&rsquo;architecture v\u00e9dique Maharishi.<\/p>\n<\/div><\/div>\n<div class=\"grid grid-desktop-50 grid-mobile-100\"><div class=\"holder\"><p><img decoding=\"async\" src=\"https:\/\/vedicpandits.org\/wp-content\/uploads\/2018\/09\/students_return_to_school_for_meditation_on_weekends.png\" width=\"440\"><\/p>\n<p style=\"margin-top:-18px;\">Les \u00e9tudiants reviennent le week-end pour pratiquer le programme de MT et de MT-Sidhi<\/p>\n<\/div><\/div>\n<\/div>\n&nbsp;<br \/>\n<div class=\"grid-holder\">\n<div class=\"grid grid-desktop-50 grid-mobile-100\"><div class=\"holder\"><p><img decoding=\"async\" src=\"https:\/\/vedicpandits.org\/wp-content\/uploads\/2018\/09\/2_maharishi_kids_home.png\" width=\"440\"><\/p>\n<p style=\"margin-top:-18px;\">Les centres d&rsquo;accueil Maharishi pour enfants cr\u00e9\u00e9s avec un vastu parfait<\/p>\n<\/div><\/div>\n<div class=\"grid grid-desktop-50 grid-mobile-100\"><div class=\"holder\"><p><img decoding=\"async\" src=\"https:\/\/vedicpandits.org\/wp-content\/uploads\/2018\/09\/maharishi_kids_home.png\n\" width=\"440\"><\/p>\n<p style=\"margin-top:-18px;\">L&rsquo;un des douze centres d&rsquo;accueil Maharishi pour enfants d&rsquo;\u00e2ge pr\u00e9scolaire<\/p>\n<\/div><\/div>\n<\/div>\n<div class=\"grid-holder\">\n<div class=\"grid grid-desktop-50 grid-mobile-100\"><div class=\"holder\"><p><img decoding=\"async\" src=\"https:\/\/vedicpandits.org\/wp-content\/uploads\/2018\/09\/yellow_uniforms_wee_children.png\n\" width=\"440\"><\/p>\n<p style=\"margin-top:-18px;\">Jeunes enfants dans un centre d&rsquo;accueil Maharishi <\/p>\n<\/div><\/div>\n<div class=\"grid grid-desktop-50 grid-mobile-100\"><div class=\"holder\"><p><img decoding=\"async\" src=\"https:\/\/vedicpandits.org\/wp-content\/uploads\/2018\/09\/blue_uniforms_weestudents.png\n\" width=\"440\"><\/p>\n<p style=\"margin-top:-18px;\">Jeunes enfants avec leurs enseignants dans un centre d&rsquo;accueil Maharishi <\/p>\n<\/div><\/div>\n<\/div>\n<div class=\"grid-holder\">\n<div class=\"grid grid-desktop-50 grid-mobile-100\"><div class=\"holder\"><p><img decoding=\"async\" src=\"https:\/\/vedicpandits.org\/wp-content\/uploads\/2018\/09\/peace-group-large.png\n\" width=\"440\"><\/p>\n<p style=\"margin-top:-18px; line-height:16px;\">Le Mouvement de Maharishi pour la paix mondiale est c\u00e9l\u00e9br\u00e9 chaque ann\u00e9e en Inde. En 2018, des rassemblements et  300 000 \u00e9v\u00e9nements ont eu lieu dans plus de 200 villes <\/p>\n<\/div><\/div>\n<div class=\"grid grid-desktop-50 grid-mobile-100\"><div class=\"holder\"><p><img decoding=\"async\" src=\"https:\/\/vedicpandits.org\/wp-content\/uploads\/2018\/09\/peace_group_small.png\n\" width=\"440\"><\/p>\n<p style=\"margin-top:-18px; line-height:16px;\">Un petit groupe c\u00e9l\u00e9brant la 10e ann\u00e9e du Mouvement de Maharishi pour la paix mondiale lors de la Guru Purnima 2018<\/p>\n<\/div><\/div>\n<\/div>\n&nbsp;<\/p>\n<div class=\"grid-holder\">\n<div class=\"grid grid-desktop-50 grid-mobile-100\"><div class=\"holder\"><p><img decoding=\"async\" src=\"https:\/\/vedicpandits.org\/wp-content\/uploads\/2018\/09\/new-books_e-gyan.png\n\" width=\"440\"><\/p>\n<p style=\"margin-top:-18px; line-height:16px;\">Les magazines et livres MahaMedia sont tr\u00e8s lus en Inde. Un nouveau livre d\u00e9di\u00e9 \u00e0 Guru Dev et au d\u00e9but du Mouvement de Maharishi pour faire revivre l\u2019Inde v\u00e9dique vient d&rsquo;\u00eatre publi\u00e9 ainsi qu&rsquo;un magazine en ligne intitul\u00e9 E-Gyan qui compte 300 000 abonn\u00e9s par mois.<\/p>\n<\/div><\/div>\n<div class=\"grid grid-desktop-50 grid-mobile-100\"><div class=\"holder\"><p><img decoding=\"async\" src=\"https:\/\/vedicpandits.org\/wp-content\/uploads\/2018\/09\/magazine_presented_to_government_official.png\n\" width=\"440\"><\/p>\n<p style=\"margin-top:-18px; line-height:16px;\">Le nouveau livre sur Guru Dev et Maharishi a \u00e9t\u00e9 pr\u00e9sent\u00e9 \u00e0 un repr\u00e9sentant du gouvernement par le directeur de l&rsquo;\u00e9cole locale Maharishi.<\/p>\n<\/div><\/div>\n<\/div>\n<p>&nbsp;<\/p>\n<div class=\"grid-holder\">\n<div class=\"grid grid-desktop-50 grid-mobile-100\"><div class=\"holder\"><p><img decoding=\"async\" src=\"https:\/\/vedicpandits.org\/wp-content\/uploads\/2018\/09\/bijauri.png\n\" width=\"440\"><\/p>\n<p style=\"margin-top:-18px; line-height:16px;\">Maharishi voulait que des personnes du monde entier puissent s\u00e9journer au Brahmasthan de l&rsquo;Inde. Sur le campus de Bijauri, les repas servis sont essentiellement \u00e0 base de produits d&rsquo;origine biologique et les logements sont dans de beaux b\u00e2timents vastu.<\/p>\n<\/div><\/div>\n<div class=\"grid grid-desktop-50 grid-mobile-100\"><div class=\"holder\"><p><img decoding=\"async\" src=\"https:\/\/vedicpandits.org\/wp-content\/uploads\/2018\/09\/organic_gardens_for_brahmasthan_guests.png\n\" width=\"440\"><\/p>\n<p style=\"margin-top:-18px; line-height:16px;\">Des aliments biologiques sont maintenant cultiv\u00e9s au Brahmasthan. 4,5 hectares de cultures biologiques ont \u00e9t\u00e9 plant\u00e9es r\u00e9cemment pour les h\u00f4tes et r\u00e9sidents du Brahmasthan.<\/p>\n<\/div><\/div>\n<\/div>\n<p>&nbsp;<\/p>\n<div class=\"grid-holder\">\n<div class=\"grid grid-desktop-50 grid-mobile-100\"><div class=\"holder\"><p><img decoding=\"async\" src=\"https:\/\/vedicpandits.org\/wp-content\/uploads\/2018\/09\/daytime_bijauri_canopy.png\n\" width=\"440\"><\/p>\n<p style=\"margin-top:-18px;\">De nouvelles pergolas pour le repos des r\u00e9sidents au Campus  du Brahmasthan<\/p>\n<\/div><\/div>\n<div class=\"grid grid-desktop-50 grid-mobile-100\"><div class=\"holder\"><p><img decoding=\"async\" src=\"https:\/\/vedicpandits.org\/wp-content\/uploads\/2018\/09\/night_bigauri_canapy.png\n\" width=\"440\"><\/p>\n<p style=\"margin-top:-18px;\">Les nouvelles pergolas s&rsquo;illuminent la nuit au Campus des r\u00e9sidents<\/p>\n<\/div><\/div>\n<\/div>\n","protected":false},"excerpt":{"rendered":"<p>Les toutes derni\u00e8res nouvelles et r\u00e9cents accomplissements &nbsp; Ci-dessous des photos des progr\u00e8s remarquables r\u00e9alis\u00e9s en Inde &#8211; septembre 2018 &nbsp; &nbsp; &nbsp; &nbsp;<\/p>\n","protected":false},"author":3,"featured_media":0,"parent":0,"menu_order":0,"comment_status":"closed","ping_status":"closed","template":"","meta":{"om_disable_all_campaigns":false,"_monsterinsights_skip_tracking":false,"_monsterinsights_sitenote_active":false,"_monsterinsights_sitenote_note":"","_monsterinsights_sitenote_category":0,"footnotes":""},"class_list":["post-16911","page","type-page","status-publish","hentry"],"_links":{"self":[{"href":"https:\/\/vedicpandits.org\/fr\/wp-json\/wp\/v2\/pages\/16911","targetHints":{"allow":["GET"]}}],"collection":[{"href":"https:\/\/vedicpandits.org\/fr\/wp-json\/wp\/v2\/pages"}],"about":[{"href":"https:\/\/vedicpandits.org\/fr\/wp-json\/wp\/v2\/types\/page"}],"author":[{"embeddable":true,"href":"https:\/\/vedicpandits.org\/fr\/wp-json\/wp\/v2\/users\/3"}],"replies":[{"embeddable":true,"href":"https:\/\/vedicpandits.org\/fr\/wp-json\/wp\/v2\/comments?post=16911"}],"version-history":[{"count":3,"href":"https:\/\/vedicpandits.org\/fr\/wp-json\/wp\/v2\/pages\/16911\/revisions"}],"predecessor-version":[{"id":16914,"href":"https:\/\/vedicpandits.org\/fr\/wp-json\/wp\/v2\/pages\/16911\/revisions\/16914"}],"wp:attachment":[{"href":"https:\/\/vedicpandits.org\/fr\/wp-json\/wp\/v2\/media?parent=16911"}],"curies":[{"name":"wp","href":"https:\/\/api.w.org\/{rel}","templated":true}]}}