{"id":11032,"date":"2017-04-17T16:34:24","date_gmt":"2017-04-17T16:34:24","guid":{"rendered":"https:\/\/vedicpandits.org\/?page_id=11032\/"},"modified":"2020-08-22T11:33:06","modified_gmt":"2020-08-22T11:33:06","slug":"ganesh-recitation","status":"publish","type":"page","link":"https:\/\/vedicpandits.org\/fr\/ganesh-recitation\/","title":{"rendered":"Ganesh Recitation"},"content":{"rendered":"<h3 style=text-align:center;>La valeur de la r\u00e9citation v\u00e9dique<\/h3>\n<\/style>\n<p><a href=\"#source\">1. Comprendre la source<\/a><\/p>\n<p><a href=\"#ganesh\">2. Les Pandits V\u00e9diques Maharishi accomplissent des r\u00e9citation sp\u00e9cifiques aux effets favorables<\/a> <\/p>\n<p><a href=\"#ganesh\">3. R\u00e9citation \u00e0 Ganesh<\/a><\/p>\n<p><a href=\"#RecitationPhysiology\">4. Les r\u00e9citations V\u00e9diques animent la structure interne de la conscience<\/a><\/p>\n<p><a href=\"#Maharishiexplains\">5. Commentaire de Maharishi sure les pandits v\u00e9diques<\/a><\/p>\n<p><a href=\"#App\">6. L&rsquo;application Maharishi Veda<\/a><\/p>\n<p><a href=\"#eCards\">7. cartes \u00e9lectroniques<\/a><\/p>\n<h4 id=\"source\" style=margin-top:25px;>1. Comprendre la source<\/h4>\n<p>L\u2019un des nombreux bienfaits de la tradition v\u00e9dique vient des pandits v\u00e9diques et de leurs r\u00e9citations qui produisent des effets favorables dont nous pouvons b\u00e9n\u00e9ficier personnellement, tels qu\u2019une bonne sant\u00e9 ou plus d\u2019intelligence, de bonheur ou de s\u00e9curit\u00e9. L\u2019UNESCO a proclam\u00e9 que la r\u00e9citation v\u00e9dique faisait partie du patrimoine culturel immat\u00e9riel de l\u2019humanit\u00e9. Vous trouverez ci-dessous un enregistrement audio par les pandits v\u00e9diques Maharishi\u00a0: une r\u00e9citation \u00e0 Ganesh, profond\u00e9ment apaisante, que vous appr\u00e9cierez s\u00fbrement.<\/p>\n<div class=\"border-line\">&nbsp;<\/div>\n<div class=\"grid-holder\">\n<div class=\"grid grid-desktop-50 grid-mobile-100\"><div class=\"holder\"><h4 id=\"training\">2. Une Formation Compl\u00e8te aux m\u00e9thodes V\u00e9diques<\/h4>\n<p>Maharishi Mahesh Yogi est mondialement reconnu \u00e0 notre \u00e9poque comme le plus grand expert v\u00e9dique et le plus grand scientifique dans le domaine de la conscience. Il a \u00e9tabli dans les villages et les r\u00e9gions de l\u2019Inde des centres de formation o\u00f9 les \u00e9tudiants b\u00e9n\u00e9ficient d\u2019un syst\u00e8me d\u2019instruction leur permettant de devenir pandits v\u00e9diques Maharishi. Le cursus con\u00e7u par Maharishi est syst\u00e9matique et complet, il vise \u00e0 donner \u00e0 chaque pandit une formation de tr\u00e8s haut niveau. De l\u2019\u00e2ge de 10 ans jusqu\u2019\u00e0 20 ans \u2013\u00a0et au-del\u00e0 pour ceux qui suivent un programme de doctorat \u2013 leur formation comprend la pratique du programme de M\u00e9ditation Transcendantale et de MT-Sidhi, la connaissance des 40 aspects du Veda et de la litt\u00e9rature v\u00e9dique et la ma\u00eetrise de la pratique des yagyas.<\/p>\n<\/div><\/div>\n<div class=\"grid grid-desktop-50 grid-mobile-100\"><div class=\"holder\"><p>&nbsp;<br \/>\n&nbsp;<br \/>\n<img decoding=\"async\" class=\"alignnone size-full wp-image-107\" src=\"https:\/\/vedicpandits.org\/wp-content\/uploads\/2020\/08\/cropped_young_pandits_orange_chairs.png\" width=\"435\" \/><\/p>\n<\/div><\/div>\n<\/div>\n<div class=\"border-line\">&nbsp;<\/div>\n<h6 id=\"ganesh\">3. R\u00c9CITATION \u00c0 GANESH<\/h6>\n<p>Ganesh est cette qualit\u00e9 d\u2019intelligence qui repr\u00e9sente et facilite l\u2019\u00e9limination des obstacles et de la peur, et la  transformation de la complexit\u00e9 en simplicit\u00e9 et en f\u00e9licit\u00e9. Vous trouverez ci-dessous une r\u00e9citation de 15 minutes, au pouvoir \u00e9quilibrant et reg\u00e9n\u00e9rant, connue sous le nom de Shri Ganesh Atharvashirsha.<\/p>\n<div class=\"box-info\">\n<h6>\t<a href=\"https:\/\/vedicpandits.org\/fr\/ganesh-recitation\/?image_video=https%3A%2F%2Fvimeo.com%2F450332582%2F2e187cf6af\" class=\"video-link no-pointer\"><u>R\u00c9CITATION \u00c0 GANESH Du Brahmasthan de l\u2019Inde.<\/u><\/a>\n\n\t<\/h6>\n<\/div>\n\t<a href=\"https:\/\/vedicpandits.org\/fr\/ganesh-recitation\/?image_video=https%3A%2F%2Fvimeo.com%2F450332582%2F2e187cf6af\" class=\"video-link \"><img decoding=\"async\" src=\"https:\/\/vedicpandits.org\/wp-content\/uploads\/2020\/08\/5pandits_long_3.png\" alt=\"\" width=\"1024\"  size-large wp-image-45843\" \/><\/a>\n\n\t\n<div class=\"border-line\">&nbsp;<\/div>\n<div class=\"grid-holder\">\n<div class=\"grid grid-desktop-50 grid-mobile-100\"><div class=\"holder\"><p><img loading=\"lazy\" decoding=\"async\" class=\"alignnone size-full wp-image-107\" src=\"\/wp-content\/uploads\/2017\/03\/one_pandit_in_group480_397.jpg\" alt=\"post-img-13\" width=\"480\" height=\"413\" \/><\/p>\n<\/div><\/div>\n<div class=\"grid grid-desktop-50 grid-mobile-100\"><div class=\"holder\"><h4 id=\"RecitationPhysiology\">4. Les r\u00e9citations v\u00e9diques animent la structure interne de la conscience<\/h4>\n<p>Ces trois derni\u00e8res ann\u00e9es, le Dr Fed Travis a enregistr\u00e9 l&rsquo;EEG de 37 h\u00f4tes du campus de Bijauri au Brahmasthan de l&rsquo;Inde. Parmi les personnes pratiquant le programme avanc\u00e9 de MT-Sidhi, ces enregistrements mettent en \u00e9vidence une coh\u00e9rence EEG des ondes theta et alpha1 encore plus \u00e9lev\u00e9e durant l&rsquo;\u00e9coute des r\u00e9citations v\u00e9diques que durant la pratique de la M\u00e9ditation Transcendantale.   (<a href=\"http:\/\/www.sciencedirect.com\/science\/article\/pii\/S1053810016300733\">Cliquez ici pour t\u00e9l\u00e9charger en PDF<\/a>) <\/p>\n<p>Voici une exp\u00e9rience d&rsquo;\u00e9coute de la r\u00e9citation v\u00e9dique. Vous pouvez lire plus <a href=\"http:\/\/www.maharishiindiacourses.com\/fr\/experiences\/\">ici<\/a>.<\/p>\n<\/div><\/div>\n<\/div>\n<div class=\"box-info\">\n\u201c L\u2019\u00e9coute des Yagyas dans le grand Hall des Pandits est une exp\u00e9rience unique, qui permet \u00e0 chacun de rester dans la transcendance plus <br \/>longtemps et de vivre l\u2019unit\u00e9 \u00e0 travers sa sensibilit\u00e9 personnelle.\u201d MFG &#8211; Canada\n<\/div>\n<div class=\"border-line\">&nbsp;<\/div>\n<div class=\"grid-holder\">\n<div class=\"grid grid-desktop-50 grid-mobile-100\"><div class=\"holder\"><p><img loading=\"lazy\" decoding=\"async\" class=\"alignnone size-full wp-image-107\" src=\"https:\/\/vedicpandits.org\/wp-content\/uploads\/2019\/08\/maharishi.png\" alt=\"post-img-13\" width=\"480\" height=\"413\" \/><\/p>\n<\/div><\/div>\n<div class=\"grid grid-desktop-50 grid-mobile-100\"><div class=\"holder\"><h4 id=\"Maharishiexplains\">5. Commentaire de Maharishi sure les pandits v\u00e9diques (en anglais)<\/h4>\n<p>In this short audio recording Maharishi describes that transcending and listening to Vedic recitation &lsquo;&#8230; are inseparable &#8230;&rsquo;.<br \/>\n<a href=\"https:\/\/vedicpandits.org\/fr\/ganesh-recitation\/?audio_link=%2Fwp-content%2Fuploads%2F2015%2F03%2F06n-Difference-between-practising-TM-and-listening-to-Vedic-R.mp3\" class=\"audio-link\"> The difference between practicing TM and listening to Vedic recitation. (Audio 4:42 min)<\/a> <\/p>\n<p style=\"margin-left:19px;\">\u00ab Les sons v\u00e9diques sont tr\u00e8s, tr\u00e8s beaux. Tr\u00e8s beaux.<br \/>\n\u00ab\u00a0Beaux\u00a0\u00bb, en ce sens que la totalit\u00e9 de la loi naturelle se r\u00e9verb\u00e8re en eux. C&rsquo;est pour cette raison que tout notre programme vise \u00e0 cr\u00e9er et \u00e0 maintenir de bonnes conditions de vie pour les pandits v\u00e9diques : pour que ce qu&rsquo;ils r\u00e9citent \u2013 les r\u00e9citations v\u00e9diques \u2013 soit tout empreint de l&rsquo;authenticit\u00e9 du silence en r\u00e9verb\u00e9ration. Atma se r\u00e9verb\u00e8re en lui-m\u00eame. C&rsquo;est la base du processus d&rsquo;\u00e9volution en action. Le silence est la base de l&rsquo;\u00e9volution : le silence en action, le silence en action, le silence en action. On peut dire que le silence est l&rsquo;\u00e9l\u00e9ment fondamental de notre th\u00e8me visant \u00e0 redresser la conscience mondiale gr\u00e2ce aux r\u00e9citations v\u00e9diques. On peut dire que les r\u00e9citations v\u00e9diques r\u00e9tablissent les valeurs du champ fondamental des r\u00e9verb\u00e9rations qui avaient \u00e9t\u00e9 perturb\u00e9es. \u00bb<\/p>\n<p style=\"margin-left:19px;\">Maharishi \u2013 Conf\u00e9rence de presse, 15 janvier, 2003<\/p>\n<\/div><\/div>\n<\/div>\n<div class=\"border-line\">&nbsp;<\/div>\n<div class=\"grid-holder\">\n<div class=\"grid grid-desktop-50 grid-mobile-100\"><div class=\"holder\"><p><img decoding=\"async\" class=\"alignnone size-full wp-image-107\" src=\"https:\/\/vedicpandits.org\/wp-content\/uploads\/2020\/08\/veda_app_promotion-French2.jpg\" width=\"435\" \/><\/p>\n<p id=\"eCards\">Pour ceux qui ne sont pas encore abonn\u00e9s, nous vous encourageons \u00e0 l&rsquo;essayer. Les 30 premiers jours sont gratuits.<\/p>\n<p><a href=\"https:\/\/apps.apple.com\/us\/app\/maharishi-veda\/id977489377\" rel=\"noopener noreferrer\" target=\"_blank\">For iPhones<\/a><br \/>\n<a href=\"https:\/\/play.google.com\/store\/apps\/details?id=com.entertainment.maharishiveda&#038;hl=en_US\" rel=\"noopener noreferrer\" target=\"_blank\">For Android phones <\/a><\/p>\n<\/div><\/div>\n<div class=\"grid grid-desktop-50 grid-mobile-100\"><div class=\"holder\"><h4 id=\"App\">6. L&rsquo;application Maharishi Veda offre :<\/h4>\n<ul>\n<li>Une grande biblioth\u00e8que de r\u00e9citations v\u00e9diques de haute qualit\u00e9 et de bon augure par des Pandits v\u00e9diques Maharishi sp\u00e9cialement form\u00e9s qui apportent l&rsquo;\u00e9quilibre, la paix, l&rsquo;harmonie et la joie de vivre. Vous pouvez d\u00e9sormais s\u00e9lectionner les r\u00e9citations en fonction de leurs avantages traditionnellement associ\u00e9s, de leur dur\u00e9e ou de leur aspect v\u00e9dique (Devata).<\/li>\n<li>Une large s\u00e9lection de musique classique indienne (Gandharva Veda). Le Maharishi Gandharva Veda utilise le son, la m\u00e9lodie et le rythme pour r\u00e9tablir l&rsquo;\u00e9quilibre et l&rsquo;harmonie dans l&rsquo;esprit, le corps et l&rsquo;environnement. Ces magnifiques m\u00e9lodies ont \u00e9t\u00e9 enregistr\u00e9es par certains des meilleurs musiciens de Gandharva Veda en Inde et peuvent \u00eatre jou\u00e9es automatiquement au moment appropri\u00e9 de la journ\u00e9e.<\/li>\n<\/ul>\n<\/div><\/div>\n<\/div>\n<div class=\"border-line\">&nbsp;<\/div>\n<div class=\"grid-holder\">\n<div class=\"grid grid-desktop-50 grid-mobile-100\"><div class=\"holder\"><h4 id=\"eCards\">7. cartes \u00e9lectroniques &#8211; les r\u00e9citations<\/h4>\n<p>&nbsp;<br \/>\n<a href=\"https:\/\/vedicpandits.org\/fr\/ecard\/\" rel=\"noopener noreferrer\" target=\"_blank\"><img decoding=\"async\" src=\"https:\/\/vedicpandits.org\/wp-content\/uploads\/2018\/12\/ecards-banner-3-300x119.jpg\" alt=\"\" width=\"435\" class=\"alignright size-medium wp-image-18273\" srcset=\"https:\/\/vedicpandits.org\/wp-content\/uploads\/2018\/12\/ecards-banner-3-300x119.jpg 300w, https:\/\/vedicpandits.org\/wp-content\/uploads\/2018\/12\/ecards-banner-3-768x306.jpg 768w, https:\/\/vedicpandits.org\/wp-content\/uploads\/2018\/12\/ecards-banner-3.jpg 912w\" sizes=\"(max-width: 300px) 100vw, 300px\" \/><\/a><\/p>\n<\/div><\/div>\n<div class=\"grid grid-desktop-50 grid-mobile-100\"><div class=\"holder\"><p><a href=\"https:\/\/vedicpandits.org\/fr\/ecard\/\" rel=\"noopener noreferrer\" target=\"_blank\"><img loading=\"lazy\" decoding=\"async\" src=\"https:\/\/vedicpandits.org\/wp-content\/uploads\/2020\/08\/pic_ecard_page-219x300.png\" alt=\"\" width=\"219\" height=\"300\" class=\"alignright size-medium wp-image-45146\" srcset=\"https:\/\/vedicpandits.org\/wp-content\/uploads\/2020\/08\/pic_ecard_page-219x300.png 219w, https:\/\/vedicpandits.org\/wp-content\/uploads\/2020\/08\/pic_ecard_page-747x1024.png 747w, https:\/\/vedicpandits.org\/wp-content\/uploads\/2020\/08\/pic_ecard_page-768x1052.png 768w, https:\/\/vedicpandits.org\/wp-content\/uploads\/2020\/08\/pic_ecard_page-300x411.png 300w, https:\/\/vedicpandits.org\/wp-content\/uploads\/2020\/08\/pic_ecard_page.png 946w\" sizes=\"auto, (max-width: 219px) 100vw, 219px\" \/><\/a><br \/>\nToutes les cartes \u00e9lectroniques pr\u00e9sentent de belles photos des pandits v\u00e9diques Maharishi, mises en valeur par les r\u00e9citations des pandits v\u00e9diques Maharishi en mode audio, vid\u00e9o et\/ou des diapositives. Nous esp\u00e9rons que vous appr\u00e9cierez ces cartes \u00e9lectroniques et que vous pourrez les partager avec vos amis. <a href=\"https:\/\/vedicpandits.org\/fr\/ecard\/\" rel=\"noopener noreferrer\" target=\"_blank\">Cliquez ici<\/a><\/p>\n<\/div><\/div>\n<\/div>\n","protected":false},"excerpt":{"rendered":"<p>La valeur de la r\u00e9citation v\u00e9dique 1. Comprendre la source 2. Les Pandits V\u00e9diques Maharishi accomplissent des r\u00e9citation sp\u00e9cifiques aux effets favorables 3. R\u00e9citation \u00e0 Ganesh 4. Les r\u00e9citations V\u00e9diques animent la structure interne de la conscience 5. Commentaire de Maharishi sure les pandits v\u00e9diques 6. L&rsquo;application Maharishi Veda 7. cartes \u00e9lectroniques 1. Comprendre la [&hellip;]<\/p>\n","protected":false},"author":3,"featured_media":0,"parent":0,"menu_order":0,"comment_status":"closed","ping_status":"closed","template":"","meta":{"om_disable_all_campaigns":false,"_monsterinsights_skip_tracking":false,"_monsterinsights_sitenote_active":false,"_monsterinsights_sitenote_note":"","_monsterinsights_sitenote_category":0,"footnotes":""},"class_list":["post-11032","page","type-page","status-publish","hentry"],"_links":{"self":[{"href":"https:\/\/vedicpandits.org\/fr\/wp-json\/wp\/v2\/pages\/11032","targetHints":{"allow":["GET"]}}],"collection":[{"href":"https:\/\/vedicpandits.org\/fr\/wp-json\/wp\/v2\/pages"}],"about":[{"href":"https:\/\/vedicpandits.org\/fr\/wp-json\/wp\/v2\/types\/page"}],"author":[{"embeddable":true,"href":"https:\/\/vedicpandits.org\/fr\/wp-json\/wp\/v2\/users\/3"}],"replies":[{"embeddable":true,"href":"https:\/\/vedicpandits.org\/fr\/wp-json\/wp\/v2\/comments?post=11032"}],"version-history":[{"count":17,"href":"https:\/\/vedicpandits.org\/fr\/wp-json\/wp\/v2\/pages\/11032\/revisions"}],"predecessor-version":[{"id":46097,"href":"https:\/\/vedicpandits.org\/fr\/wp-json\/wp\/v2\/pages\/11032\/revisions\/46097"}],"wp:attachment":[{"href":"https:\/\/vedicpandits.org\/fr\/wp-json\/wp\/v2\/media?parent=11032"}],"curies":[{"name":"wp","href":"https:\/\/api.w.org\/{rel}","templated":true}]}}