{"id":51765,"date":"2021-03-13T18:45:09","date_gmt":"2021-03-13T18:45:09","guid":{"rendered":"https:\/\/vedicpandits.org\/maharishi-veda-app\/"},"modified":"2025-11-07T12:05:09","modified_gmt":"2025-11-07T12:05:09","slug":"maharishi-veda-app","status":"publish","type":"page","link":"https:\/\/vedicpandits.org\/et\/maharishi-veda-app\/","title":{"rendered":"Maharishi Veda App"},"content":{"rendered":"<h4 style=\"text-align:center;\">Maharishi Veda rakenduse kasutamine \u2013 giidiga \u00fclevaade<\/h4>\n<p><strong>Kl\u00f5psa<\/strong> <a href=\"https:\/\/maharishi-ecards.com\/ExperienceTheMaharishiVedaApp\/\" target=\"_blank\"><strong><u>siia<\/u><\/strong><\/a> <strong>or on the cover below <\/strong>,et uurida kaunilt kujundatud e-raamatut \u2013 rikkalikku sissejuhatust \u00e4sja laiendatud Maharishi Veda rakendusse. Jutustus, l\u00fchikesed helisalvestised ja elav fotode ja illustratsioonide kogu pakuvad selget ja inspireerivat pilguheitu rakenduse s\u00fcgavatesse pakkumistesse.<br \/>\n&nbsp;<\/p>\n<p><a href=\"https:\/\/maharishi-ecards.com\/ExperienceTheMaharishiVedaApp\/\" rel=\"noopener\" target=\"_blank\"><\/p>\n<div class=\"align center\" style=\"text-align: center; margin-top: -20px; margin-left: 10px; margin-bottom: 0px;\"> <img decoding=\"async\" src=\"https:\/\/vedicpandits.org\/wp-content\/uploads\/2025\/09\/VEDAAPP_COVER-650x644-1.png\" \"height: auto ;width: auto ; max-width: 100% ;\"\/> <\/div>\n<p><\/a><br \/>\n&nbsp;<\/p>\n<h4 style=\"text-align:center;\"> MAHARISHI VEDA APP <\/h4>\n<ul>\n<li>Tohutu aare \u00fcliheasoodsaid retsitatsioone, mille on salvestanud k\u00f5rgelt kvalifitseeritud Maharishi Veda panditid.<\/li>\n<li>Ulatuslik India klassikalise muusika (Gandharva Veda) kogu, mille on salvestanud m\u00f5ned India tuntuimad Gandharva meistrid<\/li>\n<li>Veda kirjanduse lugemised inglise keeles, sealhulgas Upani\u0161adid, Bhagavad Gita ja Ramajana.<\/li>\n<\/ul>\n<div class=\"box-quote\">\n<p>Sellel rakendusel on suur kogu h\u00e4id ja kasulikke salvestusi suurep\u00e4rase v\u00e4lja\u00f5ppega Maharishi Veedapanditite esituses. Samuti on selles rakenduses suur valik klassikalist India muusikat (Gandharva Veda) 6 erineval instrumendil, mida esitavad m\u00f5ned k\u00f5ige tunnustatumad Gandharva muusikud<br \/>\n&nbsp;<\/p>\n<div class=\"grid-holder\">\n<div class=\"grid grid-desktop-50 grid-mobile-100\"><div class=\"holder\"><div style=\"padding:10px; background-color:white;\">\n<div style=\"border-size:5px;border-style:solid;border-color:#e4bb4b;\">\n<div style=\"text-align: center; padding-top:10px; padding-right:5px; padding-bottom:0; padding-left:5px;\">\n<a href=\"https:\/\/vedicpandits.recurly.com\/purchase\/gift_card\/mva-gift\" rel=\"noopener\" target=\"_blank\"><\/p>\n<h4>Kingi kingitusena<\/h4>\n<p><\/a><\/p>\n<\/div>\n<\/div>\n<\/div>\n<\/div><\/div>\n<div class=\"grid grid-desktop-50 grid-mobile-100\"><div class=\"holder\"><div style=\"padding:10px; background-color:white;\">\n<div style=\"border-size:5px;border-style:solid;border-color:#e4bb4b;\">\n<div style=\"text-align: center; padding-top:10px; padding-right:5px; padding-bottom:0; padding-left:5px;\">\n<a href=\"https:\/\/www.maharishivedaapp.com\" rel=\"noopener\" target=\"_blank\"><\/p>\n<h4>TELLI<\/h4>\n<p><\/a><\/p>\n<\/div>\n<\/div>\n<\/div>\n<\/div><\/div>\n<\/div>\n<p>Maharishi Veda Appi kasutamine on esimesel kuul tasuta ning edaspidi 3.99 USD kuus. Maharishi Veda App on saadaval nii iPhone kui Android telefonidele ning n\u00fc\u00fcd ka arvutiversioonina.<\/p>\n<p>&nbsp;<\/p>\n<p style=\"text-align:center;\"><a href=\"https:\/\/desktop.maharishivedaapp.com\/\"><img decoding=\"async\" loading=\"lazy\" src=\"https:\/\/vedicpandits.org\/wp-content\/uploads\/2021\/03\/button_computer.png\" width=\"169\" height=\"49\" style=\"margin:0 10px 15px !important;\"><\/a> <a href=\"https:\/\/apps.apple.com\/us\/app\/maharishi-veda\/id977489377\"><img decoding=\"async\" loading=\"lazy\" src=\"https:\/\/vedicpandits.org\/wp-content\/uploads\/2021\/03\/button_mac_store.png\" alt=\"\" width=\"169\" height=\"49\" style=\"margin:0 10px 15px !important;\"><\/a> <a href=\"https:\/\/play.google.com\/store\/apps\/details?id=com.entertainment.maharishiveda&amp;hl=en_US\"><img decoding=\"async\" loading=\"lazy\" src=\"https:\/\/vedicpandits.org\/wp-content\/uploads\/2021\/03\/button_google_play.png\" alt=\"\" width=\"169\" height=\"49\" style=\"margin:0 10px 15px !important;\"><\/a><\/p>\n<p>&nbsp;<\/p>\n<p>Kogu tulu l\u00e4heb maailma rahu loovate Maharishi Veedapanditite h\u00fcvanguks.<\/p>\n<div class=\"border-line\">&nbsp;<\/div>\n<h4 id=\"Flavours\">~ 30 TEIST KLIPI ~<\/h4>\n<p>&nbsp;<\/p>\n<h4 style=\"margin-bottom: -25px;\">Vedic Recitations<\/h4>\n<div class=\"grid-holder\">\n<div class=\"pagecol3\" >\n<strong>Brahmana Suktas <\/strong><br \/>\n\t<a href=\"https:\/\/vedicpandits.org\/et\/maharishi-veda-app\/?image_video=https%3A%2F%2Fplayer.vimeo.com%2Fvideo%2F772253937%3Fh%3D32b34efc8e\" class=\"video-link \"><img decoding=\"async\" class=\"alignnone size-full wp-image-285\" src=\"https:\/\/vedicpandits.org\/wp-content\/uploads\/2022\/11\/brahmanas_recitation.png\" width=\"200\" \/><\/a>\n\n\t<\/div>\n<div class=\"pagecol3\" >\n<strong>Sama Veda Medha Sukta <\/strong><br \/>\n\t<a href=\"https:\/\/vedicpandits.org\/et\/maharishi-veda-app\/?image_video=https%3A%2F%2Fplayer.vimeo.com%2Fvideo%2F772269388%3Fh%3Dc36201da68\" class=\"video-link \"><img decoding=\"async\" class=\"alignnone size-full wp-image-285\" src=\"https:\/\/vedicpandits.org\/wp-content\/uploads\/2022\/11\/sama_ved_flavour_image2.png\" width=\"200\" \/><\/a>\n\n\t<\/div>\n<div class=\"pagecol3\" >\n<strong>Rik Veda 5th Mandala <\/strong><br \/>\n\t<a href=\"https:\/\/vedicpandits.org\/et\/maharishi-veda-app\/?image_video=https%3A%2F%2Fplayer.vimeo.com%2Fvideo%2F772890625%3Fh%3Df5dff81366\" class=\"video-link \"><img decoding=\"async\" class=\"alignnone size-full wp-image-285\" src=\"https:\/\/vedicpandits.org\/wp-content\/uploads\/2022\/11\/rik_veda_flavour.png\" width=\"200\" \/><\/a>\n\n\t<\/div>\n<\/div>\n&nbsp;<br \/>\n<!--row 2--><\/p>\n<h4 style=\"margin-bottom: -25px;\">Bhagavad Gita<\/h4>\n<div class=\"grid-holder\">\n<div class=\"pagecol3\" >\n<strong>Bhagavad Gita Commentary<\/strong><br \/>\n\t<a href=\"https:\/\/vedicpandits.org\/et\/maharishi-veda-app\/?image_video=https%3A%2F%2Fplayer.vimeo.com%2Fvideo%2F772256991%3Fh%3D1c3f81fa70\" class=\"video-link \"><img decoding=\"async\" class=\"alignnone size-full wp-image-285\" src=\"https:\/\/vedicpandits.org\/wp-content\/uploads\/2022\/11\/vernon_maharishi3_710x702.png\" width=\"200\" \/><\/a>\n\n\t<\/div>\n<div class=\"pagecol3\" >\n<strong>Bhagavad Gita Chapter 1 &#8211; Recitation<\/strong><br \/>\n\t<a href=\"https:\/\/vedicpandits.org\/et\/maharishi-veda-app\/?image_video=https%3A%2F%2Fplayer.vimeo.com%2Fvideo%2F772263750%3Fh%3D5edc98042f\" class=\"video-link \"><img decoding=\"async\" class=\"alignnone size-full wp-image-285\" src=\"https:\/\/vedicpandits.org\/wp-content\/uploads\/2022\/11\/bhagavad_gita_ch1_image_flavours.png\" width=\"200\" \/><\/a>\n\n\t<\/div>\n<div class=\"pagecol3\" >\n<strong>Bhagavad Gita Chapter 2 &#8211; Recitation<\/strong><br \/>\n\t<a href=\"https:\/\/vedicpandits.org\/et\/maharishi-veda-app\/?image_video=https%3A%2F%2Fplayer.vimeo.com%2Fvideo%2F775545609%3Fh%3D2bac0fa94f\" class=\"video-link \"><img decoding=\"async\" class=\"alignnone size-full wp-image-285\" src=\"https:\/\/vedicpandits.org\/wp-content\/uploads\/2022\/11\/BGita_ch2_flavour.png\" width=\"200\" \/><\/a>\n\n\t<\/div>\n<\/div>\n&nbsp;<br \/>\n<!--row 3--><\/p>\n<h4 style=\"margin-bottom: -25px;\">Gandharva Ved<\/h4>\n<div class=\"grid-holder\">\n<div class=\"pagecol3\" >\n<strong>Gandharva Ved &#8211; Bamboo Flute<\/strong><br \/>\n\t<a href=\"https:\/\/vedicpandits.org\/et\/maharishi-veda-app\/?image_video=https%3A%2F%2Fplayer.vimeo.com%2Fvideo%2F772891944%3Fh%3Db50882dc2b\" class=\"video-link \"><img decoding=\"async\" class=\"alignnone size-full wp-image-285\" src=\"https:\/\/vedicpandits.org\/wp-content\/uploads\/2022\/11\/bamboo_flute_flavour.png\" width=\"200\" \/><\/a>\n\n\t<\/div>\n<div class=\"pagecol3\" >\n<strong>Rain Melody <\/strong><br \/>\n\t<a href=\"https:\/\/vedicpandits.org\/et\/maharishi-veda-app\/?image_video=https%3A%2F%2Fplayer.vimeo.com%2Fvideo%2F772893048%3Fh%3D3e29244a2d\" class=\"video-link \"><img decoding=\"async\" class=\"alignnone size-full wp-image-285\" src=\"https:\/\/vedicpandits.org\/wp-content\/uploads\/2022\/11\/rain_melody_flavour.png\" width=\"200\" \/><\/a>\n\n\t<\/div>\n<div class=\"pagecol3\" ><strong>Gandharva Ved music &#8211; Sitar<\/strong><br \/>\n\t<a href=\"https:\/\/vedicpandits.org\/et\/maharishi-veda-app\/?image_video=https%3A%2F%2Fplayer.vimeo.com%2Fvideo%2F772893920%3Fh%3Df1d59dd173\" class=\"video-link \"><img decoding=\"async\" class=\"alignnone size-full wp-image-285\" src=\"https:\/\/vedicpandits.org\/wp-content\/uploads\/2022\/11\/Screen-Shot-2022-11-19-at-6.44.34-PM.png\" width=\"200\" \/><\/a>\n\n\t<\/div>\n<\/div>\n<\/div>\n","protected":false},"excerpt":{"rendered":"<p>Maharishi Veda rakenduse kasutamine \u2013 giidiga \u00fclevaade Kl\u00f5psa siia or on the cover below ,et uurida kaunilt kujundatud e-raamatut \u2013 rikkalikku sissejuhatust \u00e4sja laiendatud Maharishi Veda rakendusse. Jutustus, l\u00fchikesed helisalvestised ja elav fotode ja illustratsioonide kogu pakuvad selget ja inspireerivat pilguheitu rakenduse s\u00fcgavatesse pakkumistesse. &nbsp; &nbsp; MAHARISHI VEDA APP Tohutu aare \u00fcliheasoodsaid retsitatsioone, mille on [&hellip;]<\/p>\n","protected":false},"author":3,"featured_media":0,"parent":0,"menu_order":0,"comment_status":"closed","ping_status":"closed","template":"","meta":{"om_disable_all_campaigns":false,"_monsterinsights_skip_tracking":false,"_monsterinsights_sitenote_active":false,"_monsterinsights_sitenote_note":"","_monsterinsights_sitenote_category":0,"footnotes":""},"class_list":["post-51765","page","type-page","status-publish","hentry"],"_links":{"self":[{"href":"https:\/\/vedicpandits.org\/et\/wp-json\/wp\/v2\/pages\/51765","targetHints":{"allow":["GET"]}}],"collection":[{"href":"https:\/\/vedicpandits.org\/et\/wp-json\/wp\/v2\/pages"}],"about":[{"href":"https:\/\/vedicpandits.org\/et\/wp-json\/wp\/v2\/types\/page"}],"author":[{"embeddable":true,"href":"https:\/\/vedicpandits.org\/et\/wp-json\/wp\/v2\/users\/3"}],"replies":[{"embeddable":true,"href":"https:\/\/vedicpandits.org\/et\/wp-json\/wp\/v2\/comments?post=51765"}],"version-history":[{"count":5,"href":"https:\/\/vedicpandits.org\/et\/wp-json\/wp\/v2\/pages\/51765\/revisions"}],"predecessor-version":[{"id":104878,"href":"https:\/\/vedicpandits.org\/et\/wp-json\/wp\/v2\/pages\/51765\/revisions\/104878"}],"wp:attachment":[{"href":"https:\/\/vedicpandits.org\/et\/wp-json\/wp\/v2\/media?parent=51765"}],"curies":[{"name":"wp","href":"https:\/\/api.w.org\/{rel}","templated":true}]}}