{"id":36513,"date":"2017-02-27T09:26:09","date_gmt":"2017-02-27T09:26:09","guid":{"rendered":"https:\/\/vedicpandits.org\/ganesh-recitation\/"},"modified":"2020-08-22T15:33:34","modified_gmt":"2020-08-22T15:33:34","slug":"ganesh-recitation","status":"publish","type":"page","link":"https:\/\/vedicpandits.org\/es\/ganesh-recitation\/","title":{"rendered":"Ganesh Recitation"},"content":{"rendered":"<h3 style=\"text-align: center;\">EL VALOR DE LA RECITACI\u00d3N V\u00c9DICA<\/h3>\n<p><a href=\"#source\">1. Entender la fuente<\/a><\/p>\n<p><a href=\"#training\">2. Extensa formaci\u00f3n en actuaciones v\u00e9dicas<\/a><\/p>\n<p><a href=\"#ganesh\">3. Recitaci\u00f3n de Ganesh<\/a><\/p>\n<p><a href=\"#RecitationPhysiology\">4. La recitaci\u00f3n v\u00e9dica y la fisiolog\u00eda<\/a><\/p>\n<p><a href=\"#Maharishiexplains\">5. Maharishi explica la recitaci\u00f3n v\u00e9dica y la transcendencia<\/a><\/p>\n<p><a href=\"#App\">6. La aplicaci\u00f3n Maharishi Veda<\/a><\/p>\n<p><a href=\"#eCards\">7. Tarjetas electr\u00f3nicas<\/a><\/p>\n<h4 id=\"source\" style=\"margin-top: 25px;\">1. ENTENDER LA FUENTE<\/h4>\n<p>Uno de los multiples y grandes regalos de la Tradici\u00f3n V\u00e9dica es que las influencias y cualidades favorables espec\u00edficas pueden ser avivadas en nuestras vidas a trav\u00e9s de las recitaciones de los Pandits V\u00e9dicos; por ejemplo, para la buena salud, la inteligencia, la felicidad o la protecci\u00f3n. La UNESCO ha declarado la recitaci\u00f3n v\u00e9dica como patrimonio inmaterial de la humanidad. A continuaci\u00f3n hay un audio, ejemplo de la recitaci\u00f3n de Ganesh hecha por los Pandits V\u00e9dicos Maharishi, que es profundamente calmante, para que la disfruteis.<\/p>\n<div class=\"border-line\">&nbsp;<\/div>\n<div class=\"grid-holder\">\n<div class=\"grid grid-desktop-50 grid-mobile-100\"><div class=\"holder\"><h4 id=\"training\">2. EXTENSA FORMACI\u00d3N EN ACTUACIONES V\u00c9DICAS<\/h4>\n<p>Maharishi Mahesh Yogi es ampliamente reconocido como el principal erudito v\u00e9dico y cient\u00edfico de la conciencia, en la era moderna. Maharishi cre\u00f3 una amplia red de instrucci\u00f3n para estudiantes que deseasen convertirse en Pandits V\u00e9dicos Maharishi en aldeas y centros regionales de formaci\u00f3n a lo largo de toda India.<\/p>\n<p>Los estudiantes siguen un programa de entrenamiento sistem\u00e1tico y detallado dise\u00f1ado por Maharishi para asegurar que cada pandit reciba un nivel de entrenamiento elevado y estandarizado. Desde los 10 hasta los 20 a\u00f1os, y m\u00e1s all\u00e1, a trav\u00e9s de un programa de doctorado completo, siguen un curso especial de estudio que incluye el aprendizaje de la Meditaci\u00f3n Trascendental y el programa MT-Sidhis; as\u00ed como el Vuelo Yogico, los 40 aspectos del Veda y la literatura v\u00e9dica, al mismo tiempo que ir ganando maestr\u00eda en la realizaci\u00f3n de las yagyas.<\/p>\n<\/div><\/div>\n<div class=\"grid grid-desktop-50 grid-mobile-100\"><div class=\"holder\"><p><img decoding=\"async\" class=\"alignnone size-full wp-image-107\" src=\"https:\/\/vedicpandits.org\/wp-content\/uploads\/2020\/08\/cropped_young_pandits_orange_chairs.png\" width=\"435\" \/><\/p>\n<\/div><\/div>\n<\/div>\n<div class=\"border-line\">&nbsp;<\/div>\n<h6 id=\"ganesh\">3. RECITACI\u00d3N DE GANESH<\/h6>\n<p>Ganesh es la calidad de la inteligencia que representa y facilita la eliminaci\u00f3n de obst\u00e1culos, la p\u00e9rdida del miedo, y la transformaci\u00f3n de la complejidad en simplicidad y felicidad. A continuaci\u00f3n se puede escuchar una recitaci\u00f3n de 15 minutos profundamente equilibradora y restauradora conocida como Shri Ganesh Atharvashirsha.<\/p>\n<div class=\"box-info\">\n<h6>\t<a href=\"https:\/\/vedicpandits.org\/es\/ganesh-recitation\/?image_video=https%3A%2F%2Fvimeo.com%2F450332582%2F2e187cf6af\" class=\"video-link no-pointer\"><u>RECITACI\u00d3N DE GANESH EN EL BRAHMASTHAN DE INDIA<\/u><\/a>\n\n\t<\/h6>\n<\/div>\n\t<a href=\"https:\/\/vedicpandits.org\/es\/ganesh-recitation\/?image_video=https%3A%2F%2Fvimeo.com%2F450332582%2F2e187cf6af\" class=\"video-link \"><img decoding=\"async\" src=\"https:\/\/vedicpandits.org\/wp-content\/uploads\/2020\/08\/5pandits_long_3.png\" alt=\"\" width=\"1024\"  size-large wp-image-45843\" \/><\/a>\n\n\t\n<p>&nbsp;<\/p>\n<div class=\"border-line\">&nbsp;<\/div>\n<div class=\"grid-holder\">\n<div class=\"grid grid-desktop-50 grid-mobile-100\"><div class=\"holder\"><p><img loading=\"lazy\" decoding=\"async\" class=\"alignnone size-full wp-image-107\" src=\"\/wp-content\/uploads\/2017\/03\/one_pandit_in_group480_397.jpg\" alt=\"post-img-13\" width=\"480\" height=\"413\" \/><\/p>\n<\/div><\/div>\n<div class=\"grid grid-desktop-50 grid-mobile-100\"><div class=\"holder\"><h4 id=\"RecitationPhysiology\">4. LA RECITACI\u00d3N V\u00c9DICA Y LA FISIOLOG\u00cdA<\/h4>\n<p>El neurocient\u00edfico e investigador Dr. Fred Travis, Director del Centro para el Cerebro, la Conciencia y la Cognici\u00f3n, en MUM, Fairfield, Iowa, EE. UU, ha estado realizando investigaciones sobre los efectos en el funcionamiento del cerebro al escuchar la recitaci\u00f3n v\u00e9dica. Su art\u00edculo de investigaci\u00f3n publicado (<a href=\"http:\/\/www.sciencedirect.com\/science\/article\/pii\/S1053810016300733\">descargar el documento aqu\u00ed<\/a>) indica que cuando los practicantes de la t\u00e9cnica de Meditaci\u00f3n Trascendental escuchan la recitaci\u00f3n v\u00e9dica, pueden cultivar la experiencia dual del silencio interno profundo junto con una conciencia localizada espec\u00edfica, caracterizada por su silencio avivado. Esta investigaci\u00f3n objetiva confirma la experiencia subjetiva de miles de meditadores.A continuaci\u00f3n se muestra la experiencia de una persona que asisti\u00f3 a un curso donde tuvo la incre\u00edble oportunidad de escuchar recitaciones en vivo de los Pandits V\u00e9dicos Maharishi.<\/p>\n<p><a href=\"http:\/\/www.maharishiindiacourses.com\/es\/experiences\/\">Podemos leer m\u00e1s experiencias aqu\u00ed.<\/a><\/p>\n<\/div><\/div>\n<\/div>\n<div class=\"box-info\">\u201cEscuchar la recitaci\u00f3n v\u00e9dica de los Pandits V\u00e9dicos Maharishi es una experiencia totalmente \u00fanica que<br \/>\naviva el nivel m\u00e1s profundo de conciencia, con dicha y satisfacci\u00f3n, mientras simult\u00e1neamente<br \/>\nse purifica y fortalece la fisiolog\u00eda\u201d. BB &#8211; Estados Unidos<\/div>\n<div class=\"border-line\">&nbsp;<\/div>\n<div class=\"grid-holder\">\n<div class=\"grid grid-desktop-50 grid-mobile-100\"><div class=\"holder\"><p><img loading=\"lazy\" decoding=\"async\" class=\"alignnone size-full wp-image-107\" src=\"https:\/\/vedicpandits.org\/wp-content\/uploads\/2019\/08\/maharishi.png\" alt=\"post-img-13\" width=\"480\" height=\"413\" \/><\/p>\n<\/div><\/div>\n<div class=\"grid grid-desktop-50 grid-mobile-100\"><div class=\"holder\"><h4 id=\"Maharishiexplains\" style=\"margin-top: 10px;\">5. MAHARISHI EXPLICA LA RECITACI\u00d3N V\u00c9DICA Y LA TRASCENDENCIA<\/h4>\n<p>En este breve audio, Maharishi describe que trascender y escuchar la recitaci\u00f3n v\u00e9dica \u00abson inseparables\u00bb.<br \/>\n<a href=\"https:\/\/vedicpandits.org\/es\/ganesh-recitation\/?audio_link=%2Fwp-content%2Fuploads%2F2015%2F03%2F06n-Difference-between-practising-TM-and-listening-to-Vedic-R.mp3\" class=\"audio-link\"> La diferencia entre practicar la MT y escuchar la recitaci\u00f3n v\u00e9dica. (Audio 4:42 min)<\/a>\n<p>&nbsp;<\/p>\n<p style=\"margin-left: 19px;\">\u00abSonidos v\u00e9dicos: son muy, muy hermosos. Muy hermosos. &#8216;Hermoso&#8217; significa: la Ley Natural Total reverbera en esos sonidos. Es por eso que todo nuestro programa es crear y mantener la vida de estos Pandits V\u00e9dicos de una manera que sea agradable, para que lo que recitan &#8211; las recitaciones v\u00e9dicas &#8211; tengan esa genuinidad del silencio que reverbera. Atma reverberando en s\u00ed mismo. Esa es la base de la evoluci\u00f3n en acci\u00f3n. La base de la evoluci\u00f3n es el silencio: silencio en acci\u00f3n, silencio en acci\u00f3n, silencio en acci\u00f3n. Ese es, podr\u00edamos decir, el punto principal de nuestro tema de renovar la conciencia mundial dominada por el estr\u00e9s a trav\u00e9s de las recitaciones v\u00e9dicas. Las recitaciones v\u00e9dicas significar\u00edan corregir el desorden, el valor perturbado del campo fundamental de reverberaciones\u00bb.<\/p>\n<p style=\"margin-left: 19px;\">Maharishi \u2013 Conferencia de prensa, 15 de enero de 2003<\/p>\n<\/div><\/div>\n<\/div>\n<div class=\"border-line\">&nbsp;<\/div>\n<div class=\"grid-holder\">\n<div class=\"grid grid-desktop-50 grid-mobile-100\"><div class=\"holder\"><p><img decoding=\"async\" class=\"alignnone size-full wp-image-107\" src=\"https:\/\/vedicpandits.org\/wp-content\/uploads\/2020\/08\/veda_app_promotion-Spanish2.jpg\" width=\"435\" \/><\/p>\n<p id=\"eCards\">Para aquellos que no est\u00e9n suscritos a d\u00eda de hoy, les animamos a que lo prueben. Los primeros 30 d\u00edas son gratis.<\/p>\n<p><a href=\"https:\/\/apps.apple.com\/us\/app\/maharishi-veda\/id977489377\" target=\"_blank\" rel=\"noopener noreferrer\">Para iPhones<\/a><br \/>\n<a href=\"https:\/\/play.google.com\/store\/apps\/details?id=com.entertainment.maharishiveda&amp;hl=en_US\" target=\"_blank\" rel=\"noopener noreferrer\">Para tel\u00e9fonos Android<br \/>\n<\/a><\/p>\n<\/div><\/div>\n<div class=\"grid grid-desktop-50 grid-mobile-100\"><div class=\"holder\"><h4 id=\"App\">6. La aplicaci\u00f3n Maharishi Veda nos ofrece:<\/h4>\n<ul>\n<li>Una gran biblioteca de recitaciones v\u00e9dicas auspiciosas y de gran calidad realizadas por los Pandit V\u00e9dicos Maharishi especialmente formados para traer equilibrio, paz, armon\u00eda y alegr\u00eda a la vida. Ahora se pueden seleccionar las recitaciones por sus tradicionalmente beneficios asociados, duraci\u00f3n o aspecto v\u00e9dico (Devata).<\/li>\n<li>Hay una amplia selecci\u00f3n de m\u00fasica cl\u00e1sica india (Gandharva Veda). Maharishi Gandharva Veda utiliza el sonido, la melod\u00eda y el ritmo para restaurar el equilibrio y la armon\u00eda en la mente, el cuerpo y el medio ambiente. Estas bellas melod\u00edas han sido grabadas por algunos de los mejores m\u00fasicos del Gandharva Veda de India, y se pueden reproducir de forma autom\u00e1tica a la hora del d\u00eda establecida.<\/li>\n<\/ul>\n<\/div><\/div>\n<\/div>\n<div class=\"border-line\">&nbsp;<\/div>\n<div class=\"grid-holder\">\n<div class=\"grid grid-desktop-50 grid-mobile-100\"><div class=\"holder\"><h4 id=\"eCards\">7. TARJETAS ELECTR\u00d3NICAS<\/h4>\n<p><a href=\"https:\/\/vedicpandits.org\/ecard\/\" target=\"_blank\" rel=\"noopener noreferrer\"><img decoding=\"async\" class=\"alignright size-medium wp-image-18273\" src=\"https:\/\/vedicpandits.org\/wp-content\/uploads\/2018\/12\/ecards-banner-3-300x119.jpg\" alt=\"\" width=\"435\" srcset=\"https:\/\/vedicpandits.org\/wp-content\/uploads\/2018\/12\/ecards-banner-3-300x119.jpg 300w, https:\/\/vedicpandits.org\/wp-content\/uploads\/2018\/12\/ecards-banner-3-768x306.jpg 768w, https:\/\/vedicpandits.org\/wp-content\/uploads\/2018\/12\/ecards-banner-3.jpg 912w\" sizes=\"(max-width: 300px) 100vw, 300px\" \/><\/a><\/p>\n<\/div><\/div>\n<div class=\"grid grid-desktop-50 grid-mobile-100\"><div class=\"holder\"><p><a href=\"https:\/\/vedicpandits.org\/ecard\/\" target=\"_blank\" rel=\"noopener noreferrer\"><img loading=\"lazy\" decoding=\"async\" class=\"alignright size-medium wp-image-45146\" src=\"https:\/\/vedicpandits.org\/wp-content\/uploads\/2020\/08\/pic_ecard_page-219x300.png\" alt=\"\" width=\"219\" height=\"300\" srcset=\"https:\/\/vedicpandits.org\/wp-content\/uploads\/2020\/08\/pic_ecard_page-219x300.png 219w, https:\/\/vedicpandits.org\/wp-content\/uploads\/2020\/08\/pic_ecard_page-747x1024.png 747w, https:\/\/vedicpandits.org\/wp-content\/uploads\/2020\/08\/pic_ecard_page-768x1052.png 768w, https:\/\/vedicpandits.org\/wp-content\/uploads\/2020\/08\/pic_ecard_page-300x411.png 300w, https:\/\/vedicpandits.org\/wp-content\/uploads\/2020\/08\/pic_ecard_page.png 946w\" sizes=\"auto, (max-width: 219px) 100vw, 219px\" \/><\/a><br \/>\nTodas las tarjetas electr\u00f3nicas est\u00e1n llenas de hermosas im\u00e1genes de los Pandits V\u00e9dicos Maharishi realizadas con audios, v\u00eddeos y presentaciones de diapositivas de las recitaciones. Esperamos que disfruten de estas tarjetas electr\u00f3nicas mejoradas y gratuitas y las comparta con sus amigos. <a href=\"https:\/\/vedicpandits.org\/es\/ecard\/\" target=\"_blank\" rel=\"noopener noreferrer\">Haga clic aqu\u00ed.<\/a><\/p>\n<\/div><\/div>\n<\/div>\n","protected":false},"excerpt":{"rendered":"<p>EL VALOR DE LA RECITACI\u00d3N V\u00c9DICA 1. Entender la fuente 2. Extensa formaci\u00f3n en actuaciones v\u00e9dicas 3. Recitaci\u00f3n de Ganesh 4. La recitaci\u00f3n v\u00e9dica y la fisiolog\u00eda 5. Maharishi explica la recitaci\u00f3n v\u00e9dica y la transcendencia 6. La aplicaci\u00f3n Maharishi Veda 7. Tarjetas electr\u00f3nicas 1. ENTENDER LA FUENTE Uno de los multiples y grandes regalos [&hellip;]<\/p>\n","protected":false},"author":3,"featured_media":0,"parent":0,"menu_order":0,"comment_status":"closed","ping_status":"closed","template":"","meta":{"om_disable_all_campaigns":false,"_monsterinsights_skip_tracking":false,"_monsterinsights_sitenote_active":false,"_monsterinsights_sitenote_note":"","_monsterinsights_sitenote_category":0,"footnotes":""},"class_list":["post-36513","page","type-page","status-publish","hentry"],"_links":{"self":[{"href":"https:\/\/vedicpandits.org\/es\/wp-json\/wp\/v2\/pages\/36513","targetHints":{"allow":["GET"]}}],"collection":[{"href":"https:\/\/vedicpandits.org\/es\/wp-json\/wp\/v2\/pages"}],"about":[{"href":"https:\/\/vedicpandits.org\/es\/wp-json\/wp\/v2\/types\/page"}],"author":[{"embeddable":true,"href":"https:\/\/vedicpandits.org\/es\/wp-json\/wp\/v2\/users\/3"}],"replies":[{"embeddable":true,"href":"https:\/\/vedicpandits.org\/es\/wp-json\/wp\/v2\/comments?post=36513"}],"version-history":[{"count":13,"href":"https:\/\/vedicpandits.org\/es\/wp-json\/wp\/v2\/pages\/36513\/revisions"}],"predecessor-version":[{"id":46101,"href":"https:\/\/vedicpandits.org\/es\/wp-json\/wp\/v2\/pages\/36513\/revisions\/46101"}],"wp:attachment":[{"href":"https:\/\/vedicpandits.org\/es\/wp-json\/wp\/v2\/media?parent=36513"}],"curies":[{"name":"wp","href":"https:\/\/api.w.org\/{rel}","templated":true}]}}