{"id":2642,"date":"2015-03-11T10:43:55","date_gmt":"2015-03-11T10:43:55","guid":{"rendered":"https:\/\/vedicpandits.org\/?page_id=2642"},"modified":"2017-09-21T09:30:56","modified_gmt":"2017-09-21T09:30:56","slug":"intermediary-donation-page","status":"publish","type":"page","link":"https:\/\/vedicpandits.org\/de\/intermediary-donation-page\/","title":{"rendered":"Intermediary Donation Page"},"content":{"rendered":"<h2 style=\"margin-bottom: 30px; color: white; background: none repeat scroll 0 0 #e37d22; font-size: 17px; text-align: center; padding-top: 10px;\">IHRE UNTERST\u00dcTZUNG F\u00dcR DIE GRUPPEN MAHARISHI VEDISCHER PANDITS<br \/>\nHAT EINEN MACHTVOLLEN EINFLUSS AUF DEN FRIEDEN IN DER WELT<\/h2>\n<div class=\"grid grid-desktop-30 grid-mobile-100\">\n<div class=\"holder\"><img loading=\"lazy\" decoding=\"async\" class=\"alignleft size-full wp-image-2490\" src=\"\/wp-content\/uploads\/2015\/03\/photo_pandit_donatepage1.jpg\" alt=\"photo_pandit_donatepage\" width=\"234\" height=\"284\" \/><\/div>\n<\/div>\n<div class=\"grid grid-desktop-70 grid-mobile-100\">\n<div class=\"holder\">F\u00fcr Informationen \u00fcber das Spendenkonto in Ihrem Land, klicken Sie bitte hier:<br \/>\n<div class=\"accordion\"><div class=\"accordion-entry\"><em><a href=\"#\">&gt; DEUTSCHLAND UND \u00d6STERREICH<\/a><\/em><div class=\"hidden-content\">\u00dcber den ganz unten angegebenen Link gelangen Sie auf die Seite, auf der Sie online f\u00fcr die Maharishi Vedischen Pandits spenden k\u00f6nnen. Sie k\u00f6nnen f\u00fcr Ihre online Spende eine Kreditkarte verwenden oder PayPal nutzen. Die Seite, auf der Sie online spenden k\u00f6nnen, ist zurzeit leider nur auf Englisch verf\u00fcgbar. Um Ihnen das Auszuf\u00fcllen zu erleichtern, k\u00f6nnen Sie im Vorfeld ein PDF mit der deutschen \u00dcbersetzung herunterladen. Online Spenden sind nur in Dollar-Betr\u00e4gen m\u00f6glich und gehen ein auf das Konto der Brahmananda Saraswati Foundation (BSF) in den USA. Es besteht auch die M\u00f6glichkeit in Euro-Betr\u00e4gen an den Brahmananda Saraswati Trust (BST) in den Niederlanden zu spenden. Hierf\u00fcr k\u00f6nnen Sie eine EU-Auslands\u00fcberweisung (SEPA) durchf\u00fchren, einen Dauerauftrag einrichten, per Lastschriftverfahren spenden oder PayPal nutzen.<br \/>\n&nbsp;<br \/>\n&nbsp;<\/p>\n<h1>SEPA LASTSCHRIFTVERFAHREN<\/h1>\n<p>Die Maharishi Vedischen Pandits und das Nationale Yagya-Programm k\u00f6nnen Sie jetzt auch per automatischem Lastschriftverfahren unterst\u00fctzen. F\u00fcr Ihre monatliche Spende an den Brahmananda Saraswati Trust (BST), Holland, ist das der einfachste Weg. Das SEPA-Verfahren funktioniert in allen europ\u00e4ischen L\u00e4ndern der Euro-Zone. Kosten entstehen f\u00fcr Sie keine.<br \/>\nUm den Brahmananda Saraswati Trust zu erm\u00e4chtigen, einen einmaligen oder monatlichen Spendenbetrag von Ihrem Konto abzubuchen, f\u00fcllen Sie bitte unser Formular zum SEPA Lastschriftverfahren (Mandat) aus.<\/p>\n<p style=\"text-align: center;\"><a class=\"btn btn-large\" href=\"\/wp-content\/uploads\/2016\/12\/German-form-for-SEPA-Direct-Debit-Mandate-updated-15-December-2016.pdf\" target=\"_blank\"> Das SEPA-Lastschriftverfahren Formular k\u00f6nnen Sie hier herunterladen<\/a><\/p>\n<p>&nbsp;<br \/>\n&nbsp;<\/p>\n<h1>Bank\u00fcberweisungen<\/h1>\n<p>F\u00fcr \u00dcberweisungen an den BST verwenden Sie bitte die folgenden Daten:<\/p>\n<div class=\"grid-holder\">\n<div class=\"grid grid-desktop-50 grid-mobile-100\">\n<div class=\"holder\">\n<p>Kontoverbindung:<\/p>\n<p>Empf\u00e4nger: BST Europe<br \/>\nIBAN: NL74INGB0659620804<br \/>\nBIC (Swift code): INGBNL2A<br \/>\nName der Bank: ING Bank, Roermond, The Netherlands<\/p>\n<\/div>\n<\/div>\n<div class=\"grid grid-desktop-50 grid-mobile-100\">\n<div class=\"holder\">Adresse des Beg\u00fcnstigten:<br \/>\nStation 24<br \/>\n6063NP Vlodrop<br \/>\nThe Netherlands<br \/>\nIst Ihre Spende f\u00fcr GMDO \u00d6sterreich gedacht, geben Sie bitte den Zusatz GMDO\/Yagya an.<\/p>\n<\/div>\n<\/div>\n<\/div>\n<p>&nbsp;<\/p>\n<h1>PayPal<\/h1>\n<p>Wenn Sie per PayPal eine einmalige Spende machen m\u00f6chten, klicken Sie bitte hier auf Spenden.<\/p>\n<form class=\"paypalform\" action=\"https:\/\/www.paypal.com\/cgi-bin\/webscr\" method=\"post\" target=\"_top\"><input name=\"cmd\" type=\"hidden\" value=\"_s-xclick\" \/><\/p>\n<p><input name=\"hosted_button_id\" type=\"hidden\" value=\"S6KP52T7NA28Y\" \/><\/p>\n<p><input alt=\"Jetzt einfach, schnell und sicher online spenden \u2013 mit PayPal.\" name=\"submit\" src=\"https:\/\/www.paypalobjects.com\/de_DE\/DE\/i\/btn\/btn_donateCC_LG.gif\" type=\"image\" \/><\/p>\n<p><img loading=\"lazy\" decoding=\"async\" src=\"https:\/\/www.paypalobjects.com\/en_US\/i\/scr\/pixel.gif\" alt=\"\" width=\"1\" height=\"1\" border=\"0\" \/><br \/>\n<\/form>\n<p>F\u00fcr regelm\u00e4ssige monatliche Spenden mit PayPal oder Ihrer Kreditkarte, w\u00e4hlen Sie hier den monatlichen Betrag aus und klicken dann auf Spenden.<\/p>\n<form class=\"paypalform\" action=\"https:\/\/www.paypal.com\/cgi-bin\/webscr\" method=\"post\" target=\"_top\"><input name=\"cmd\" type=\"hidden\" value=\"_s-xclick\" \/><\/p>\n<p><input name=\"hosted_button_id\" type=\"hidden\" value=\"3FG5NTWH9K72E\" \/><\/p>\n<table>\n<tbody>\n<tr>\n<td><input name=\"on0\" type=\"hidden\" value=\"Monatliche Spende\" \/>Monatliche Spende<\/td>\n<\/tr>\n<tr>\n<td><select name=\"os0\"><option value=\"10 Euro Spende\">10 Euro Spende : \u20ac10,00 EUR &#8211; monatlich<\/option><option value=\"25 Euro Spende\">25 Euro Spende : \u20ac25,00 EUR &#8211; monatlich<\/option><option value=\"50 Euro Spende\">50 Euro Spende : \u20ac50,00 EUR &#8211; monatlich<\/option><option value=\"125 Euro Spende\">125 Euro Spende : \u20ac125,00 EUR &#8211; monatlich<\/option><option value=\"250 Euro Spende\">250 Euro Spende : \u20ac250,00 EUR &#8211; monatlich<\/option><option value=\"500 Euro Spende\">500 Euro Spende : \u20ac500,00 EUR &#8211; monatlich<\/option><option value=\"1'250 Euro Spende\">1&#8217;250 Euro Spende : \u20ac1.250,00 EUR &#8211; monatlich<\/option><option value=\"2'500 Euro Spende\">2&#8217;500 Euro Spende : \u20ac2.500,00 EUR &#8211; monatlich<\/option><\/select><\/td>\n<\/tr>\n<\/tbody>\n<\/table>\n<p><input name=\"currency_code\" type=\"hidden\" value=\"EUR\" \/><\/p>\n<p><input alt=\"Jetzt einfach, schnell und sicher online spenden \u2013 mit PayPal.\" name=\"submit\" src=\"https:\/\/www.paypalobjects.com\/de_DE\/DE\/i\/btn\/btn_donateCC_LG.gif\" type=\"image\" \/><\/p>\n<p><img loading=\"lazy\" decoding=\"async\" src=\"https:\/\/www.paypalobjects.com\/en_US\/i\/scr\/pixel.gif\" alt=\"\" width=\"1\" height=\"1\" border=\"0\" \/><\/p>\n<\/form>\n<p>&nbsp;<\/p>\n<h1>SPENDE IN US DOLLAREN ODER EUROS<\/h1>\n<p><!--\n\n\n\n<p style=\"text-align: center;\"><a class=\"btn btn-large\" href=\"\/wp-content\/uploads\/2015\/03\/german-p_1_and_2__translation_of_donation_page_ks1.pdf\" target=\"_blank\"> \u00dcbersetzung des Online-Spendenformulars<\/a><\/p>\n\n\n\n--><\/p>\n<p style=\"text-align: center;\"><a class=\"btn btn-large\" href=\"https:\/\/aro.vedicpandits.org\/donate\"> Online Spenden<\/a><\/p>\n<a href=\"#\" class=\"close\">Close Section<\/a><\/div><\/div>\n<\/div>\n<div class=\"accordion\"><div class=\"accordion-entry\"><em><a href=\"#\">&gt; SCHWEIZ<\/a><\/em><div class=\"hidden-content\">\n<!--\n\n\n\n\n<h4>Schweiz<\/h4>\n\n\n\n\n--><\/p>\n<p>Bitte \u00fcberweisen Sie Ihre Spende auf folgendes Konto. Die Spenden sind dann steuerbefreit.<\/p>\n<p>Globale Friedensinitiative Schweiz, 4000 Basel<br \/>\nPostFinance : 85-479574-7<br \/>\nIBAN CH82 0900 0000 8547 9574 7<\/p>\n<p>&nbsp;<\/p>\n<p>Wenn Sie per PayPal eine einmalige Spende machen m\u00f6chten klicken dann auf Spenden.<br \/>\n<!--E-Mail Adresse: pandits@friedensinitiative.ch an.--><\/p>\n<form action=\"https:\/\/www.paypal.com\/cgi-bin\/webscr\" method=\"post\" target=\"_top\"><input name=\"cmd\" type=\"hidden\" value=\"_s-xclick\" \/><\/p>\n<p><input name=\"hosted_button_id\" type=\"hidden\" value=\"H5JM9NFP5ZASL\" \/><\/p>\n<p><input alt=\"Jetzt einfach, schnell und sicher online spenden \u2013 mit PayPal.\" name=\"submit\" src=\"https:\/\/www.paypalobjects.com\/de_DE\/CH\/i\/btn\/btn_donateCC_LG.gif\" type=\"image\" \/><\/p>\n<p><img loading=\"lazy\" decoding=\"async\" src=\"https:\/\/www.paypalobjects.com\/de_DE\/i\/scr\/pixel.gif\" alt=\"\" width=\"1\" height=\"1\" border=\"0\" \/><\/p>\n<p>&nbsp;<\/p>\n<\/form>\n<p>F\u00fcr regelm\u00e4ssige monatliche Spenden mit PayPal oder Ihrer Kreditkarte, w\u00e4hlen Sie den monatlichen Betrag aus und klicken dann auf Spenden.<\/p>\n<form action=\"https:\/\/www.paypal.com\/cgi-bin\/webscr\" method=\"post\" target=\"_top\"><input name=\"cmd\" type=\"hidden\" value=\"_s-xclick\" \/><\/p>\n<p><input name=\"hosted_button_id\" type=\"hidden\" value=\"Q4Z76SWLBP98S\" \/><\/p>\n<table>\n<tbody>\n<tr>\n<td><input name=\"on0\" type=\"hidden\" value=\"Monatlich wiederkehrende Spende\" \/>Monatlich wiederkehrende Spende<\/td>\n<\/tr>\n<tr>\n<td><select name=\"os0\"><option value=\"25 Franken Spende\">25 Franken Spende : 25.00 CHF &#8211; monatlich<\/option><option value=\"50 Franken Spende\">50 Franken Spende : 50.00 CHF &#8211; monatlich<\/option><option value=\"125 Franken Spende\">125 Franken Spende : 125.00 CHF &#8211; monatlich<\/option><option value=\"250 Franken Spende\">250 Franken Spende : 250.00 CHF &#8211; monatlich<\/option><option value=\"500 Franken Spende\">500 Franken Spende : 500.00 CHF &#8211; monatlich<\/option><option value=\"1250 Franken Spende\">1250 Franken Spende : 1&#8217;250.00 CHF &#8211; monatlich<\/option><\/select><\/td>\n<\/tr>\n<\/tbody>\n<\/table>\n<p><input name=\"currency_code\" type=\"hidden\" value=\"CHF\" \/><\/p>\n<p><input alt=\"Jetzt einfach, schnell und sicher online spenden \u2013 mit PayPal.\" name=\"submit\" src=\"https:\/\/www.paypalobjects.com\/de_DE\/CH\/i\/btn\/btn_donateCC_LG.gif\" type=\"image\" \/><\/p>\n<p><img loading=\"lazy\" decoding=\"async\" src=\"https:\/\/www.paypalobjects.com\/de_DE\/i\/scr\/pixel.gif\" alt=\"\" width=\"1\" height=\"1\" border=\"0\" \/><\/p>\n<\/form>\n<a href=\"#\" class=\"close\">Close Section<\/a><\/div><\/div>\n<\/div>\n<\/div>\n<\/div>\n","protected":false},"excerpt":{"rendered":"<p>IHRE UNTERST\u00dcTZUNG F\u00dcR DIE GRUPPEN MAHARISHI VEDISCHER PANDITS HAT EINEN MACHTVOLLEN EINFLUSS AUF DEN FRIEDEN IN DER WELT F\u00fcr Informationen \u00fcber das Spendenkonto in Ihrem Land, klicken Sie bitte hier:<\/p>\n","protected":false},"author":3,"featured_media":0,"parent":0,"menu_order":0,"comment_status":"closed","ping_status":"closed","template":"","meta":{"om_disable_all_campaigns":false,"_monsterinsights_skip_tracking":false,"_monsterinsights_sitenote_active":false,"_monsterinsights_sitenote_note":"","_monsterinsights_sitenote_category":0,"footnotes":""},"class_list":["post-2642","page","type-page","status-publish","hentry"],"_links":{"self":[{"href":"https:\/\/vedicpandits.org\/de\/wp-json\/wp\/v2\/pages\/2642","targetHints":{"allow":["GET"]}}],"collection":[{"href":"https:\/\/vedicpandits.org\/de\/wp-json\/wp\/v2\/pages"}],"about":[{"href":"https:\/\/vedicpandits.org\/de\/wp-json\/wp\/v2\/types\/page"}],"author":[{"embeddable":true,"href":"https:\/\/vedicpandits.org\/de\/wp-json\/wp\/v2\/users\/3"}],"replies":[{"embeddable":true,"href":"https:\/\/vedicpandits.org\/de\/wp-json\/wp\/v2\/comments?post=2642"}],"version-history":[{"count":81,"href":"https:\/\/vedicpandits.org\/de\/wp-json\/wp\/v2\/pages\/2642\/revisions"}],"predecessor-version":[{"id":11410,"href":"https:\/\/vedicpandits.org\/de\/wp-json\/wp\/v2\/pages\/2642\/revisions\/11410"}],"wp:attachment":[{"href":"https:\/\/vedicpandits.org\/de\/wp-json\/wp\/v2\/media?parent=2642"}],"curies":[{"name":"wp","href":"https:\/\/api.w.org\/{rel}","templated":true}]}}