{"id":10659,"date":"2017-02-27T09:26:09","date_gmt":"2017-02-27T09:26:09","guid":{"rendered":"https:\/\/vedicpandits.org\/?page_id=10659\/"},"modified":"2020-08-22T11:36:15","modified_gmt":"2020-08-22T11:36:15","slug":"ganesh-recitation","status":"publish","type":"page","link":"https:\/\/vedicpandits.org\/de\/ganesh-recitation\/","title":{"rendered":"Ganesh Recitation"},"content":{"rendered":"<h3 style=\"text-align:center;\">Die Bedeutung Vedischer Rezitationen <\/h3>\n<p><a href=\"#source\">1. Der Ursprung Vedischer Rezitationen<\/a><\/p>\n<p><a href=\"#App\">2. Die Maharishi Veda App<\/a><\/p>\n<p><a href=\"#ganesh\">3. Ein Beispiel: Ganesh-Rezitation<\/a><\/p>\n<p><a href=\"#RecitationPhysiology\">4. Wissenschaftliche Forschung: Vedische Rezitationen und der menschliche K\u00f6rper <\/a><\/p>\n<p><a href=\"#Maharishiexplains\">5. Maharishi Erl\u00e4utert Transzendieren Und Vedische Rezitationen <\/a><\/p>\n<p><a href=\"#eCards\">6. eCards<\/a><\/p>\n<p><a href=\"#training\">7. Umfassende Ausbildung in der Durchf\u00fchrung von Yagyas<\/a><\/p>\n<h4 id=\"source\" style=margin-top:25px;>1. Der Ursprung Vedischer Rezitationen<\/h4>\n<p>Eine der gro\u00dfen F\u00e4higkeiten der Maharishi Vedischen Pandits ist, dass spezifische g\u00fcnstige Einfl\u00fcsse und Qualit\u00e4ten in unserem Leben durch ihre Rezitationen belebt werden k\u00f6nnen; zum Beispiel f\u00fcr gute Gesundheit, Intelligenz, Gl\u00fccklichsein oder Schutz. Die UNESCO hat Vedische Rezitationen zum immateriellen Erbe der Menschheit erkl\u00e4rt. Weiter unten finden Sie als Beispiel die Aufnahme einer Ganesh-Rezitation der Maharishi Vedischen Pandits, die beruhigend auf das Nervensystem wirkt.<\/p>\n<div class=\"border-line\">&nbsp;<\/div>\n<div class=\"grid-holder\">\n<div class=\"grid grid-desktop-50 grid-mobile-100\"><div class=\"holder\"><h4 id=\"training\">2. UMFASSENDE AUSBILDUNG IN DER DURCHF\u00dcHRUNG VON YAGYAS<\/h4>\n<p>In D\u00f6rfern und regionalen Ausbildungszentren in ganz Indien schuf Maharishi ein Bildungs-Netzwerk f\u00fcr Sch\u00fcler, die Maharishi Vedische Pandits werden m\u00f6chten. Sie folgen einem von Maharishi entworfenen, systematischen und detaillierten Lehrplan, um sicherzustellen, dass jeder Pandit auf hohem und standardisiertem Niveau ausgebildet wird. Vom 10. bis zum 20. Lebensjahr folgen sie einem speziellen Studienplan, der auch das Erlernen der Transzendentalen Meditation und des TM-Sidhi-Progamms einschlie\u00dflich des Yogischen Fliegens beinhaltet. Auch die 40 Aspekte des Veda und der Vedischen Literatur, und insbesondere das Durchf\u00fchren von Yagyas sind ein wichtiger Teil der Ausbildung. Sp\u00e4ter haben sie au\u00dferdem die M\u00f6glichkeit, zu promovieren.<\/p>\n<\/div><\/div>\n<div class=\"grid grid-desktop-50 grid-mobile-100\"><div class=\"holder\"><p>&nbsp;<br \/>\n<img decoding=\"async\" class=\"alignnone size-full wp-image-107\" src=\"https:\/\/vedicpandits.org\/wp-content\/uploads\/2020\/08\/cropped_young_pandits_orange_chairs.png\" width=\"435\" \/><\/p>\n<\/div><\/div>\n<\/div>\n<div class=\"border-line\">&nbsp;<\/div>\n<h6 id=\"ganesh\">3. GANESH-REZITATION<\/h6>\n<p>Ganesh ist jene Qualit\u00e4t der Intelligenz, die die Beseitigung von Hindernissen repr\u00e4sentiert und f\u00f6rdert.  \u00c4ngste werden aufgel\u00f6st und Komplexit\u00e4t kann in Einfachheit und Gl\u00fcckseligkeit umgewandelt werden. Wenn Sie auf den folgenden Link klicken, h\u00f6ren Sie eine beruhigende 15-min\u00fctige Rezitation, die als Shri Ganesh Atharvashirsha bezeichnet wird.<\/p>\n<div class=\"box-info\">\n<h6>\t<a href=\"https:\/\/vedicpandits.org\/de\/ganesh-recitation\/?image_video=https%3A%2F%2Fvimeo.com%2F450332582%2F2e187cf6af\" class=\"video-link no-pointer\"><u>H\u00d6REN SIE EINE GANESH-REZITATION <br \/> DIE AM BRAHMASTHAN VON INDIEN AUFGENOMMEN WURDE<\/u><\/a>\n\n\t<\/h6>\n<\/div>\n\t<a href=\"https:\/\/vedicpandits.org\/de\/ganesh-recitation\/?image_video=https%3A%2F%2Fvimeo.com%2F450332582%2F2e187cf6af\" class=\"video-link \"><img decoding=\"async\" src=\"https:\/\/vedicpandits.org\/wp-content\/uploads\/2020\/08\/5pandits_long_3.png\" alt=\"\" width=\"1024\"  size-large wp-image-45843\" \/><\/a>\n\n\t\n<div class=\"border-line\">&nbsp;<\/div>\n<div class=\"grid-holder\">\n<div class=\"grid grid-desktop-50 grid-mobile-100\"><div class=\"holder\"><p><img loading=\"lazy\" decoding=\"async\" class=\"alignnone size-full wp-image-107\" src=\"\/wp-content\/uploads\/2017\/03\/one_pandit_in_group480_397.jpg\" alt=\"post-img-13\" width=\"480\" height=\"413\" \/><\/p>\n<\/div><\/div>\n<div class=\"grid grid-desktop-50 grid-mobile-100\"><div class=\"holder\"><h4 id=\"RecitationPhysiology\">4. VEDISCHE REZITATIONEN UND DER MENSCHLICHE K\u00d6RPER <\/h4>\n<p>Der Neurowissenschaftler und Forscher Dr. Fred Travis, Direktor des Centre for Brain, Consciousness and Cognition an der MUM in Fairfield, Iowa (USA), hat untersucht, welche Auswirkungen das Anh\u00f6ren Vedischer Rezitationen auf die Gehirnfunktion hat.  (<a href=\"http:\/\/www.sciencedirect.com\/science\/article\/pii\/S1053810016300733\">Hier k\u00f6nnen Sie die Ver\u00f6ffentlichung herunterladen.<\/a>) Seine Forschungsergebnisse zeigen, dass das Anh\u00f6ren Vedischer Rezitationen bei Aus\u00fcbenden der Transzendentalen Meditation die Erfahrung tiefer innerer Stille zusammen mit Wachbewusstsein hervorruft, was man auch als lebendige Stille bezeichnet. Diese objektive Forschung best\u00e4tigt die subjektive Erfahrung von tausenden Meditierenden.  <\/p>\n<p>Hier erz\u00e4hlt ein Kursteilnehmer von seiner Erfahrung, als er die M\u00f6glichkeit hatte, die Rezitationen der Maharishi Vedischen Pandits live zu erleben. <a href=\"http:\/\/www.maharishiindiacourses.com\/en\/experiences\/\">Hier<\/a> k\u00f6nnen Sie weitere Berichte lesen.<\/p>\n<\/div><\/div>\n<\/div>\n<div class=\"box-info\">\n\u201eDie Vedischen Rezitationen der Maharishi Vedischen Pandits zu h\u00f6ren, ist eine einzigartige Erfahrung, die die<br \/> tiefste Ebene des Bewusstseins mit Gl\u00fcckseligkeit und Erf\u00fcllung belebt und gleichzeitig <br \/>die Physiologie reinigt und st\u00e4rkt.\u201c BB &#8211; United States\n<\/div>\n<div class=\"border-line\">&nbsp;<\/div>\n<div class=\"grid-holder\">\n<div class=\"grid grid-desktop-50 grid-mobile-100\"><div class=\"holder\"><p><img loading=\"lazy\" decoding=\"async\" class=\"alignnone size-full wp-image-107\" src=\"https:\/\/vedicpandits.org\/wp-content\/uploads\/2019\/08\/maharishi.png\" alt=\"post-img-13\" width=\"480\" height=\"413\" \/><\/p>\n<\/div><\/div>\n<div class=\"grid grid-desktop-50 grid-mobile-100\"><div class=\"holder\"><h4 id=\"Maharishiexplains\">5. MAHARISHI ERL\u00c4UTERT TRANSZENDIEREN UND VEDISCHE REZITATIONEN<\/h4>\n<p>In dieser kurzen Ton-Aufnahme beschreibt Maharishi, dass Transzendieren und das Anh\u00f6ren Vedischer Rezitationen \u201e\u2026 nicht zu trennen sind \u2026\u201c.<br \/>\n<a href=\"https:\/\/vedicpandits.org\/de\/ganesh-recitation\/?audio_link=%2Fwp-content%2Fuploads%2F2015%2F03%2F06n-Difference-between-practising-TM-and-listening-to-Vedic-R.mp3\" class=\"audio-link\"> Der Unterschied zwischen dem Aus\u00fcben der TM und dem Anh\u00f6ren Vedischer Rezitationen. (Audio 4:42 min)<\/a> <\/p>\n<p>&nbsp;<\/p>\n<p style=\"margin-left:19px;\">\u201eVedische Kl\u00e4nge: sie sind sehr, sehr sch\u00f6n. So wundersch\u00f6n.<br \/>\n\u2018Sch\u00f6n\u2019 bedeutet: Das vollst\u00e4ndige Naturgesetz schwingt in diesen Kl\u00e4ngen. Deshalb ist es unser Ziel, das Leben der Vedischen Pandits so angenehm zu gestalten und zu erhalten, dass ihre Rezitationen &#8211; die Vedischen Rezitationen \u2013 die Reinheit der widerhallenden Stille enthalten. Atma schwingt in sich selbst. Das ist die Grundlage f\u00fcr evolution\u00e4re Handlung. Die Grundlage von Evolution ist Stille \u2013 Stille in Handlung, Stille in Handlung, Stille in Handlung. Das ist unser Schwerpunkt bei der Anhebung des von Stress geplagten Weltbewusstseins durch Vedische Rezitationen. Vedische Rezitationen stellen das durcheinander geratene fundamentale Schwingungsfeld wieder her.\u201c<\/p>\n<p style=\"margin-left:19px;\">Maharishi \u2013 Pressekonferenz, 15. Januar 2003<\/p>\n<\/div><\/div>\n<\/div>\n<div class=\"border-line\">&nbsp;<\/div>\n<div class=\"grid-holder\">\n<div class=\"grid grid-desktop-50 grid-mobile-100\"><div class=\"holder\"><p><img decoding=\"async\" class=\"alignnone size-full wp-image-107\" src=\"https:\/\/vedicpandits.org\/wp-content\/uploads\/2020\/08\/veda_app_promotion-German.jpg\" width=\"435\" \/><\/p>\n<p id=\"eCards\">All diejenigen, die noch kein Nutzer der Veda App sind, laden wir herzlich dazu ein, diese App zu testen. Die ersten 30 Tage sind gratis.<\/p>\n<p><a href=\"https:\/\/apps.apple.com\/us\/app\/maharishi-veda\/id977489377\" rel=\"noopener noreferrer\" target=\"_blank\">F\u00fcr iPhones<\/a><br \/>\n<a href=\"https:\/\/play.google.com\/store\/apps\/details?id=com.entertainment.maharishiveda&#038;hl=en_US\" rel=\"noopener noreferrer\" target=\"_blank\">F\u00fcr Android Mobiltelefone<\/a \n\n\n\n<h4>\n<\/div><\/div>\n<div class=\"grid grid-desktop-50 grid-mobile-100\"><div class=\"holder\"><h4 id=\"App\">6. Die Maharishi Veda App bietet:<\/h4>\n<ul>\n<li>Eine gro\u00dfe Bibliothek mit hochwertigen, gl\u00fcckverhei\u00dfenden Vedischen Rezitationen von speziell ausgebildeten Maharishi Vedischen Pandits, die Gleichgewicht, Frieden, Harmonie und Lebensfreude bringen. Sie k\u00f6nnen Rezitationen jetzt ausw\u00e4hlen anhand ihrer traditionell verbundenen Vorteile, der Dauer oder des Vedischen Aspekts (Devata).<\/li>\n<li>Eine breitgef\u00e4cherte Auswahl an klassischer indischer Musik (Gandharva Veda). Maharishi Gandharva Veda nutzt Klang, Melodie und Rhythmus, um das Gleichgewicht und die Harmonie in Geist, K\u00f6rper und Umgebung wiederherzustellen. Diese sehr sch\u00f6nen Melodien wurden von einigen der besten Gandharva Veda-Musiker Indiens aufgezeichnet und k\u00f6nnen automatisch f\u00fcr die entsprechende Tageszeit gespielt werden.<\/li>\n<\/div><\/div>\n<\/div>\n<div class=\"border-line\">&nbsp;<\/div>\n<div class=\"grid-holder\">\n<div class=\"grid grid-desktop-50 grid-mobile-100\"><div class=\"holder\"><h4>7. eCards: Tonaufnahmen, Videos oder Diashows mit Rezitationen<\/h4>\n<p>&nbsp;<br \/>\n<a href=\"https:\/\/vedicpandits.org\/de\/ecard\/\" rel=\"noopener noreferrer\" target=\"_blank\"><img decoding=\"async\" src=\"https:\/\/vedicpandits.org\/wp-content\/uploads\/2018\/12\/ecards-banner-3-300x119.jpg\" alt=\"\" width=\"435\" class=\"alignright size-medium wp-image-18273\" srcset=\"https:\/\/vedicpandits.org\/wp-content\/uploads\/2018\/12\/ecards-banner-3-300x119.jpg 300w, https:\/\/vedicpandits.org\/wp-content\/uploads\/2018\/12\/ecards-banner-3-768x306.jpg 768w, https:\/\/vedicpandits.org\/wp-content\/uploads\/2018\/12\/ecards-banner-3.jpg 912w\" sizes=\"(max-width: 300px) 100vw, 300px\" \/><\/a><\/p>\n<\/div><\/div>\n<div class=\"grid grid-desktop-50 grid-mobile-100\"><div class=\"holder\"><p><a href=\"https:\/\/vedicpandits.org\/de\/ecard\/\" rel=\"noopener noreferrer\" target=\"_blank\"><img loading=\"lazy\" decoding=\"async\" src=\"https:\/\/vedicpandits.org\/wp-content\/uploads\/2020\/08\/pic_ecard_page-219x300.png\" alt=\"\" width=\"219\" height=\"300\" class=\"alignright size-medium wp-image-45146\" srcset=\"https:\/\/vedicpandits.org\/wp-content\/uploads\/2020\/08\/pic_ecard_page-219x300.png 219w, https:\/\/vedicpandits.org\/wp-content\/uploads\/2020\/08\/pic_ecard_page-747x1024.png 747w, https:\/\/vedicpandits.org\/wp-content\/uploads\/2020\/08\/pic_ecard_page-768x1052.png 768w, https:\/\/vedicpandits.org\/wp-content\/uploads\/2020\/08\/pic_ecard_page-300x411.png 300w, https:\/\/vedicpandits.org\/wp-content\/uploads\/2020\/08\/pic_ecard_page.png 946w\" sizes=\"auto, (max-width: 219px) 100vw, 219px\" \/><\/a><br \/>\nAlle E-Cards sind mit Bildern der Maharishi Vedischen Pandits gestaltet und beinhalten Tonaufnahmen, Videos oder Diashows mit Rezitationen. Wir hoffen, dass Ihnen diese KOSTENLOSEN neuen E-Cards der Maharishi Vedischen Pandits gefallen. Gerne k\u00f6nnen Sie sie auch mit Ihren Freunden teilen. <a href=\"https:\/\/vedicpandits.org\/de\/ecard\/\" rel=\"noopener noreferrer\" target=\"_blank\">Klicke hier<\/a><\/p>\n<\/div><\/div>\n<\/div>\n","protected":false},"excerpt":{"rendered":"<p>Die Bedeutung Vedischer Rezitationen 1. Der Ursprung Vedischer Rezitationen 2. Die Maharishi Veda App 3. Ein Beispiel: Ganesh-Rezitation 4. Wissenschaftliche Forschung: Vedische Rezitationen und der menschliche K\u00f6rper 5. Maharishi Erl\u00e4utert Transzendieren Und Vedische Rezitationen 6. eCards 7. Umfassende Ausbildung in der Durchf\u00fchrung von Yagyas 1. Der Ursprung Vedischer Rezitationen Eine der gro\u00dfen F\u00e4higkeiten der Maharishi [&hellip;]<\/p>\n","protected":false},"author":3,"featured_media":0,"parent":0,"menu_order":0,"comment_status":"closed","ping_status":"closed","template":"","meta":{"om_disable_all_campaigns":false,"_monsterinsights_skip_tracking":false,"_monsterinsights_sitenote_active":false,"_monsterinsights_sitenote_note":"","_monsterinsights_sitenote_category":0,"footnotes":""},"class_list":["post-10659","page","type-page","status-publish","hentry"],"_links":{"self":[{"href":"https:\/\/vedicpandits.org\/de\/wp-json\/wp\/v2\/pages\/10659","targetHints":{"allow":["GET"]}}],"collection":[{"href":"https:\/\/vedicpandits.org\/de\/wp-json\/wp\/v2\/pages"}],"about":[{"href":"https:\/\/vedicpandits.org\/de\/wp-json\/wp\/v2\/types\/page"}],"author":[{"embeddable":true,"href":"https:\/\/vedicpandits.org\/de\/wp-json\/wp\/v2\/users\/3"}],"replies":[{"embeddable":true,"href":"https:\/\/vedicpandits.org\/de\/wp-json\/wp\/v2\/comments?post=10659"}],"version-history":[{"count":37,"href":"https:\/\/vedicpandits.org\/de\/wp-json\/wp\/v2\/pages\/10659\/revisions"}],"predecessor-version":[{"id":46099,"href":"https:\/\/vedicpandits.org\/de\/wp-json\/wp\/v2\/pages\/10659\/revisions\/46099"}],"wp:attachment":[{"href":"https:\/\/vedicpandits.org\/de\/wp-json\/wp\/v2\/media?parent=10659"}],"curies":[{"name":"wp","href":"https:\/\/api.w.org\/{rel}","templated":true}]}}