{"id":51754,"date":"2021-03-13T18:45:09","date_gmt":"2021-03-13T18:45:09","guid":{"rendered":"https:\/\/vedicpandits.org\/maharishi-veda-app\/"},"modified":"2025-09-27T17:51:47","modified_gmt":"2025-09-27T17:51:47","slug":"maharishi-veda-app","status":"publish","type":"page","link":"https:\/\/vedicpandits.org\/da\/maharishi-veda-app\/","title":{"rendered":"Maharishi Veda App"},"content":{"rendered":"<h4 style=\"text-align:center;\">Oplev Maharishi Veda App \u2013 En guidet oversigt (English)<\/h4>\n<p><strong>Klik<\/strong> <a href=\"https:\/\/maharishi-ecards.com\/ExperienceTheMaharishiVedaApp\/\" target=\"_blank\"><strong><u>her<\/u><\/strong><\/a> <strong>eller p\u00e5 omslaget nedenfor <\/strong>or at udforske den smukt designede e-bog \u2013 en rig introduktion til den nyudvidede Maharishi Veda App. Med opl\u00e6sning, korte lydudsnit og en levende samling af fotografier og illustrationer giver denne guide et klart og inspirerende indblik i app\u2019ens dybtg\u00e5ende indhold.<br \/>\n&nbsp;<\/p>\n<p><a href=\"https:\/\/maharishi-ecards.com\/ExperienceTheMaharishiVedaApp\/\" rel=\"noopener\" target=\"_blank\"><\/p>\n<div class=\"align center\" style=\"text-align: center; margin-top: -20px; margin-left: 10px; margin-bottom: 0px;\"> <img decoding=\"async\" src=\"https:\/\/vedicpandits.org\/wp-content\/uploads\/2025\/09\/VEDAAPP_COVER-650x644-1.png\" \"height: auto ;width: auto ; max-width: 100% ;\"\/> <\/div>\n<p><\/a><br \/>\n&nbsp;<\/p>\n<h4 style=\"text-align:center;\"> MAHARISHI VEDA APP <\/h4>\n<ul>\n<li>En stor skat af yderst gunstige recitationer indspillet af h\u00f8jt kvalificerede Maharishi Veda-panditter<\/li>\n<li>En omfattende samling af klassisk indisk musik (Gandharva Veda) indspillet af nogle af Indiens mest anerkendte Gandharva-mestre<\/li>\n<li>Opl\u00e6sninger fra den vediske litteratur p\u00e5 engelsk, herunder Upanishaderne, Bhagavad Gita og Ramayana.<\/li>\n<\/ul>\n<div class=\"box-quote\">\n<h4 > Maharishi Veda App<\/h4>\n<p>Denne app har et stort bibliotek af harmoniserende og gavnlige recitationer, indspillet af yderst kompetente Vediske Pandits. App\u2019en indeholder ogs\u00e5 et stort bibliotek med Maharishi Gandharva Veda (klassisk indisk musik) p\u00e5 6 instrumenter, indspillet af nogle af de mest ber\u00f8mte Gandharva musikere.<\/p>\n<div class=\"grid-holder\">\n<div class=\"grid grid-desktop-50 grid-mobile-100\"><div class=\"holder\"><div style=\"padding:10px; background-color:white;\">\n<div style=\"border-size:5px;border-style:solid;border-color:#e4bb4b;\">\n<div style=\"text-align: center; padding-top:10px; padding-right:5px; padding-bottom:0px; padding-left:5px;\">\n<a href=\"https:\/\/vedicpandits.recurly.com\/purchase\/gift_card\/mva-gift\" rel=\"noopener\" target=\"_blank\"><\/p>\n<h4>GIV VEDA-APPEN SOM EN GAVE<\/h4>\n<p><\/a><\/p>\n<\/div>\n<\/div>\n<\/div>\n<\/div><\/div>\n<div class=\"grid grid-desktop-50 grid-mobile-100\"><div class=\"holder\"><div style=\"padding:10px; background-color:white;\">\n<div style=\"border-size:5px;border-style:solid;border-color:#e4bb4b;\">\n<div style=\"text-align: center; padding-top:10px; padding-right:5px; padding-bottom:0px; padding-left:5px;\">\n<a href=\"https:\/\/www.maharishivedaapp.com\" rel=\"noopener\" target=\"_blank\"><\/p>\n<h4>TILMELD<\/h4>\n<p><\/a><\/p>\n<\/div>\n<\/div>\n<\/div>\n<\/div><\/div>\n<\/div>\n<p>&nbsp;<\/p>\n<h4>3 m\u00e5der at abonnere p\u00e5<\/h4>\n<p>Maharishi Veda App\u2019en er gratis den f\u00f8rste m\u00e5ned og koster derefter $3,99 om m\u00e5neden.<\/p>\n<p>&nbsp;<br \/>\nMaharishi Veda App\u2019en findes til iPhone og Android telefoner og kan nu ogs\u00e5 f\u00e5s i en PC-version.<br \/>\n&nbsp;<br \/>\n&nbsp;<\/p>\n<p style=\"text-align:center;\"><a href=\"https:\/\/desktop.maharishivedaapp.com\/\"><img decoding=\"async\" loading=\"lazy\" src=\"https:\/\/vedicpandits.org\/wp-content\/uploads\/2021\/03\/button_computer.png\" width=\"169\" height=\"49\" style=\"margin:0 10px 15px !important;\"><\/a> <a href=\"https:\/\/apps.apple.com\/us\/app\/maharishi-veda\/id977489377\"><img decoding=\"async\" loading=\"lazy\" src=\"https:\/\/vedicpandits.org\/wp-content\/uploads\/2021\/03\/button_mac_store.png\" alt=\"\" width=\"169\" height=\"49\" style=\"margin:0 10px 15px !important;\"><\/a> <a href=\"https:\/\/play.google.com\/store\/apps\/details?id=com.entertainment.maharishiveda&amp;hl=en_US\"><img decoding=\"async\" loading=\"lazy\" src=\"https:\/\/vedicpandits.org\/wp-content\/uploads\/2021\/03\/button_google_play.png\" alt=\"\" width=\"169\" height=\"49\" style=\"margin:0 10px 15px !important;\"><\/a><\/p>\n<p>&nbsp;<\/p>\n<p>Alt overskud g\u00e5r til Maharishi Vediske Pandits for at skabe verdensfred.<\/p>\n<div class=\"border-line\">&nbsp;<\/div>\n<h4 id=\"Flavours\">30 SEKUNDERS KLIPS <\/h4>\n<p>&nbsp;<\/p>\n<h4 style=\"margin-bottom: -25px;\">Vedic Recitations<\/h4>\n<div class=\"grid-holder\">\n<div class=\"pagecol3\" >\n<strong>Brahmana Suktas <\/strong><br \/>\n\t<a href=\"https:\/\/vedicpandits.org\/da\/maharishi-veda-app\/?image_video=https%3A%2F%2Fplayer.vimeo.com%2Fvideo%2F772253937%3Fh%3D32b34efc8e\" class=\"video-link \"><img decoding=\"async\" class=\"alignnone size-full wp-image-285\" src=\"https:\/\/vedicpandits.org\/wp-content\/uploads\/2022\/11\/brahmanas_recitation.png\" width=\"200\" \/><\/a>\n\n\t<\/div>\n<div class=\"pagecol3\" >\n<strong>Sama Veda Medha Sukta <\/strong><br \/>\n\t<a href=\"https:\/\/vedicpandits.org\/da\/maharishi-veda-app\/?image_video=https%3A%2F%2Fplayer.vimeo.com%2Fvideo%2F772269388%3Fh%3Dc36201da68\" class=\"video-link \"><img decoding=\"async\" class=\"alignnone size-full wp-image-285\" src=\"https:\/\/vedicpandits.org\/wp-content\/uploads\/2022\/11\/sama_ved_flavour_image2.png\" width=\"200\" \/><\/a>\n\n\t<\/div>\n<div class=\"pagecol3\" >\n<strong>Rik Veda 5th Mandala <\/strong><br \/>\n\t<a href=\"https:\/\/vedicpandits.org\/da\/maharishi-veda-app\/?image_video=https%3A%2F%2Fplayer.vimeo.com%2Fvideo%2F772890625%3Fh%3Df5dff81366\" class=\"video-link \"><img decoding=\"async\" class=\"alignnone size-full wp-image-285\" src=\"https:\/\/vedicpandits.org\/wp-content\/uploads\/2022\/11\/rik_veda_flavour.png\" width=\"200\" \/><\/a>\n\n\t<\/div>\n<\/div>\n&nbsp;<br \/>\n<!--row 2--><\/p>\n<h4 style=\"margin-bottom: -25px;\">Bhagavad Gita<\/h4>\n<div class=\"grid-holder\">\n<div class=\"pagecol3\" >\n<strong>Bhagavad Gita Commentary<\/strong><br \/>\n\t<a href=\"https:\/\/vedicpandits.org\/da\/maharishi-veda-app\/?image_video=https%3A%2F%2Fplayer.vimeo.com%2Fvideo%2F772256991%3Fh%3D1c3f81fa70\" class=\"video-link \"><img decoding=\"async\" class=\"alignnone size-full wp-image-285\" src=\"https:\/\/vedicpandits.org\/wp-content\/uploads\/2022\/11\/vernon_maharishi3_710x702.png\" width=\"200\" \/><\/a>\n\n\t<\/div>\n<div class=\"pagecol3\" >\n<strong>Bhagavad Gita Chapter 1 &#8211; Recitation<\/strong><br \/>\n\t<a href=\"https:\/\/vedicpandits.org\/da\/maharishi-veda-app\/?image_video=https%3A%2F%2Fplayer.vimeo.com%2Fvideo%2F772263750%3Fh%3D5edc98042f\" class=\"video-link \"><img decoding=\"async\" class=\"alignnone size-full wp-image-285\" src=\"https:\/\/vedicpandits.org\/wp-content\/uploads\/2022\/11\/bhagavad_gita_ch1_image_flavours.png\" width=\"200\" \/><\/a>\n\n\t<\/div>\n<div class=\"pagecol3\" >\n<strong>Bhagavad Gita Chapter 2 &#8211; Recitation<\/strong><br \/>\n\t<a href=\"https:\/\/vedicpandits.org\/da\/maharishi-veda-app\/?image_video=https%3A%2F%2Fplayer.vimeo.com%2Fvideo%2F775545609%3Fh%3D2bac0fa94f\" class=\"video-link \"><img decoding=\"async\" class=\"alignnone size-full wp-image-285\" src=\"https:\/\/vedicpandits.org\/wp-content\/uploads\/2022\/11\/BGita_ch2_flavour.png\" width=\"200\" \/><\/a>\n\n\t<\/div>\n<\/div>\n&nbsp;<br \/>\n<!--row 3--><\/p>\n<h4 style=\"margin-bottom: -25px;\">Gandharva Ved<\/h4>\n<div class=\"grid-holder\">\n<div class=\"pagecol3\" >\n<strong>Gandharva Ved &#8211; Bamboo Flute<\/strong><br \/>\n\t<a href=\"https:\/\/vedicpandits.org\/da\/maharishi-veda-app\/?image_video=https%3A%2F%2Fplayer.vimeo.com%2Fvideo%2F772891944%3Fh%3Db50882dc2b\" class=\"video-link \"><img decoding=\"async\" class=\"alignnone size-full wp-image-285\" src=\"https:\/\/vedicpandits.org\/wp-content\/uploads\/2022\/11\/bamboo_flute_flavour.png\" width=\"200\" \/><\/a>\n\n\t<\/div>\n<div class=\"pagecol3\" >\n<strong>Rain Melody <\/strong><br \/>\n\t<a href=\"https:\/\/vedicpandits.org\/da\/maharishi-veda-app\/?image_video=https%3A%2F%2Fplayer.vimeo.com%2Fvideo%2F772893048%3Fh%3D3e29244a2d\" class=\"video-link \"><img decoding=\"async\" class=\"alignnone size-full wp-image-285\" src=\"https:\/\/vedicpandits.org\/wp-content\/uploads\/2022\/11\/rain_melody_flavour.png\" width=\"200\" \/><\/a>\n\n\t<\/div>\n<div class=\"pagecol3\" ><strong>Gandharva Ved music &#8211; Sitar<\/strong><br \/>\n\t<a href=\"https:\/\/vedicpandits.org\/da\/maharishi-veda-app\/?image_video=https%3A%2F%2Fplayer.vimeo.com%2Fvideo%2F772893920%3Fh%3Df1d59dd173\" class=\"video-link \"><img decoding=\"async\" class=\"alignnone size-full wp-image-285\" src=\"https:\/\/vedicpandits.org\/wp-content\/uploads\/2022\/11\/Screen-Shot-2022-11-19-at-6.44.34-PM.png\" width=\"200\" \/><\/a>\n\n\t<\/div>\n<\/div>\n","protected":false},"excerpt":{"rendered":"<p>Oplev Maharishi Veda App \u2013 En guidet oversigt (English) Klik her eller p\u00e5 omslaget nedenfor or at udforske den smukt designede e-bog \u2013 en rig introduktion til den nyudvidede Maharishi Veda App. Med opl\u00e6sning, korte lydudsnit og en levende samling af fotografier og illustrationer giver denne guide et klart og inspirerende indblik i app\u2019ens dybtg\u00e5ende [&hellip;]<\/p>\n","protected":false},"author":3,"featured_media":0,"parent":0,"menu_order":0,"comment_status":"closed","ping_status":"closed","template":"","meta":{"om_disable_all_campaigns":false,"_monsterinsights_skip_tracking":false,"_monsterinsights_sitenote_active":false,"_monsterinsights_sitenote_note":"","_monsterinsights_sitenote_category":0,"footnotes":""},"class_list":["post-51754","page","type-page","status-publish","hentry"],"_links":{"self":[{"href":"https:\/\/vedicpandits.org\/da\/wp-json\/wp\/v2\/pages\/51754","targetHints":{"allow":["GET"]}}],"collection":[{"href":"https:\/\/vedicpandits.org\/da\/wp-json\/wp\/v2\/pages"}],"about":[{"href":"https:\/\/vedicpandits.org\/da\/wp-json\/wp\/v2\/types\/page"}],"author":[{"embeddable":true,"href":"https:\/\/vedicpandits.org\/da\/wp-json\/wp\/v2\/users\/3"}],"replies":[{"embeddable":true,"href":"https:\/\/vedicpandits.org\/da\/wp-json\/wp\/v2\/comments?post=51754"}],"version-history":[{"count":8,"href":"https:\/\/vedicpandits.org\/da\/wp-json\/wp\/v2\/pages\/51754\/revisions"}],"predecessor-version":[{"id":104152,"href":"https:\/\/vedicpandits.org\/da\/wp-json\/wp\/v2\/pages\/51754\/revisions\/104152"}],"wp:attachment":[{"href":"https:\/\/vedicpandits.org\/da\/wp-json\/wp\/v2\/media?parent=51754"}],"curies":[{"name":"wp","href":"https:\/\/api.w.org\/{rel}","templated":true}]}}