{"id":104804,"date":"2025-10-31T18:52:51","date_gmt":"2025-10-31T18:52:51","guid":{"rendered":"https:\/\/vedicpandits.org\/?page_id=104804"},"modified":"2025-11-01T10:39:11","modified_gmt":"2025-11-01T10:39:11","slug":"testamente","status":"publish","type":"page","link":"https:\/\/vedicpandits.org\/da\/testamente\/","title":{"rendered":"TESTAMENTE"},"content":{"rendered":"<h2 style=\"margin-bottom: 30px; color: white; background: none repeat scroll 0 0 #e37d22; font-size: 17px; text-align: center; padding-top: 10px;\">Testamente til Globalt Fredsinitiativ, Maharishi Vediske Pandits<\/h2>\n<div class=\"grid grid-desktop-30 grid-mobile-100\">\n<div class=\"holder\"><img loading=\"lazy\" decoding=\"async\" class=\"alignleft size-full wp-image-2490\" src=\"https:\/\/vedicpandits.org\/wp-content\/uploads\/2025\/10\/mvp_largegroup234x387.jpg\" alt=\"photo_pandit_donatepage\" width=\"234\" height=\"287\" \/><\/div>\n<\/div>\n<div class=\"grid grid-desktop-70 grid-mobile-100\">\n<div class=\"holder\">\n<p>Det eneste, der er sikkert i denne verden er at vi skal herfra p\u00e5 et eller andet tidspunkt. Mange har overvejelser om hvad der skal ske med de v\u00e6rdier, vi omgiver os med den dag vi tager herfra. Ud over at bet\u00e6nke familie er det ogs\u00e5 muligt at st\u00f8tte Maharishis Vediske Pandit projekt. Herved kan ens v\u00e6rdier gavne verden l\u00e6nge efter man er g\u00e5et bort.<\/p>\n<p>Bet\u00e6nkes Stichting Brahmananda Saraswati Trust (BST)  i et testamente, er man med til at sikre, at kommende generationer fortsat kan nyde godt af Maharishis vision for hvordan Vediske Pandits kan berige verden med fred og velstand. Mange gener\u00f8se, venlige og fredselskende sponsorer har  testamenteret gaver til st\u00f8tte for Maharishi Vedic Pandits.<\/p>\n<h4>Hvordan efterlader jeg en gave i mit testamente?<\/h4>\n<p> Et testamente er et juridisk dokument, der sikrer, at din formue fordeles, s\u00e5 din familie og andre du \u00f8nsker at tilgodese  bliver taget h\u00e5nd om i overensstemmelse med dine \u00f8nsker. Med et testamente bliver dine \u00f8nsker efterlevet \u2013 uden et testamente f\u00f8lger skifteretten faste regler for hvordan dine aktiver skal fordeles. Der kan kun gives velg\u00f8rende bidrag fra dit bo, hvis der er en udtrykkelig bestemmelse herom i testamentet.<\/p>\n<p>&nbsp;<br \/>\n&nbsp;<\/p>\n<h4>Testamentere uden boafgift<\/h4>\n<p>Et testamente kan v\u00e6re et specifikt bel\u00f8b, en procentdel af din formue, eller dit testamente kan udformes, s\u00e5 BST modtager den resterende del af boet efter andre testamentariske gaver. <strong>Det er muligt at testamentere til BST uden boafgift (tidligere kaldet arveafgit), da BST er en velg\u00f8rende organisation i Holland.<\/strong> Hvis du \u00f8nsker at testamentere til BST, er det vigtigt at s\u00f8ge  juridisk bistand, n\u00e5r  testamentet udarbejdes.<\/p>\n<p>Hvis du n\u00e6vner  Stichting Brahmananda Saraswati Trust (BST) i dit testamente, giver det dig mulighed for at sponsere til Maharishi Vedic Pandits og samtidig bevare fuld kontrol over dine aktiver i din levetid. Bestemmelserne i dit testamente  kan \u00e6ndres n\u00e5r som helst, hvis du \u00f8nsker at justere dine velg\u00f8rende gaver.<\/p>\n<h4>Kan I give mig skatte- eller juridisk r\u00e5dgivning vedr\u00f8rende mit testamente?<\/h4>\n<p>Vi kan hj\u00e6lpe dig og dine juridiske eller skattem\u00e6ssige r\u00e5dgivere p\u00e5 alle mulige m\u00e5der, men vi kan ikke yde specifik r\u00e5dgivning. Det er vigtigt, at du f\u00e5r individuel vejledning, der passer til din s\u00e6rlige situation, fra dine egne, uafh\u00e6ngige r\u00e5dgivere. <\/p>\n<p>Kontakt venligst<br \/>\nBj\u00f8rn og Kadri Henriksen<br \/>\np\u00e5 mail: denmarkgpi@vedicpandits.org.<\/p>\n<p>Vi er klar med yderligere information, b\u00e5de til dig og dine juridiske r\u00e5dgivere. <\/p>\n<p>&nbsp;<\/p>\n<\/div>\n<\/div>\n","protected":false},"excerpt":{"rendered":"<p>Testamente til Globalt Fredsinitiativ, Maharishi Vediske Pandits Det eneste, der er sikkert i denne verden er at vi skal herfra p\u00e5 et eller andet tidspunkt. Mange har overvejelser om hvad der skal ske med de v\u00e6rdier, vi omgiver os med den dag vi tager herfra. Ud over at bet\u00e6nke familie er det ogs\u00e5 muligt at [&hellip;]<\/p>\n","protected":false},"author":3,"featured_media":0,"parent":0,"menu_order":0,"comment_status":"closed","ping_status":"closed","template":"","meta":{"om_disable_all_campaigns":false,"_monsterinsights_skip_tracking":false,"_monsterinsights_sitenote_active":false,"_monsterinsights_sitenote_note":"","_monsterinsights_sitenote_category":0,"footnotes":""},"class_list":["post-104804","page","type-page","status-publish","hentry"],"_links":{"self":[{"href":"https:\/\/vedicpandits.org\/da\/wp-json\/wp\/v2\/pages\/104804","targetHints":{"allow":["GET"]}}],"collection":[{"href":"https:\/\/vedicpandits.org\/da\/wp-json\/wp\/v2\/pages"}],"about":[{"href":"https:\/\/vedicpandits.org\/da\/wp-json\/wp\/v2\/types\/page"}],"author":[{"embeddable":true,"href":"https:\/\/vedicpandits.org\/da\/wp-json\/wp\/v2\/users\/3"}],"replies":[{"embeddable":true,"href":"https:\/\/vedicpandits.org\/da\/wp-json\/wp\/v2\/comments?post=104804"}],"version-history":[{"count":7,"href":"https:\/\/vedicpandits.org\/da\/wp-json\/wp\/v2\/pages\/104804\/revisions"}],"predecessor-version":[{"id":104813,"href":"https:\/\/vedicpandits.org\/da\/wp-json\/wp\/v2\/pages\/104804\/revisions\/104813"}],"wp:attachment":[{"href":"https:\/\/vedicpandits.org\/da\/wp-json\/wp\/v2\/media?parent=104804"}],"curies":[{"name":"wp","href":"https:\/\/api.w.org\/{rel}","templated":true}]}}